{"id":5319,"date":"2026-02-04T18:51:51","date_gmt":"2026-02-04T17:51:51","guid":{"rendered":"https:\/\/lumore.nl\/product\/anel-coracao-prata-personalizavel\/"},"modified":"2026-02-04T18:52:11","modified_gmt":"2026-02-04T17:52:11","slug":"anel-coracao-prata-personalizavel","status":"publish","type":"product","link":"https:\/\/lumore.nl\/pt-pt\/produto\/anel-coracao-prata-personalizavel\/","title":{"rendered":"Anel Cora\u00e7\u00e3o Prata &#8211; Personaliz\u00e1vel"},"content":{"rendered":"","protected":false},"excerpt":{"rendered":"<p>Prata 925 \u2728<\/p>\n","protected":false},"featured_media":5320,"comment_status":"open","ping_status":"closed","template":"","meta":[],"product_brand":[],"product_cat":[146,141],"product_tag":[],"class_list":{"0":"post-5319","1":"product","2":"type-product","3":"status-publish","4":"has-post-thumbnail","6":"product_cat-aneis","7":"product_cat-mulheres","9":"first","10":"instock","11":"taxable","12":"shipping-taxable","13":"purchasable","14":"product-type-simple"},"aioseo_notices":[],"jetpack_sharing_enabled":true,"_links":{"self":[{"href":"https:\/\/lumore.nl\/pt-pt\/wp-json\/wp\/v2\/product\/5319","targetHints":{"allow":["GET"]}}],"collection":[{"href":"https:\/\/lumore.nl\/pt-pt\/wp-json\/wp\/v2\/product"}],"about":[{"href":"https:\/\/lumore.nl\/pt-pt\/wp-json\/wp\/v2\/types\/product"}],"replies":[{"embeddable":true,"href":"https:\/\/lumore.nl\/pt-pt\/wp-json\/wp\/v2\/comments?post=5319"}],"wp:featuredmedia":[{"embeddable":true,"href":"https:\/\/lumore.nl\/pt-pt\/wp-json\/wp\/v2\/media\/5320"}],"wp:attachment":[{"href":"https:\/\/lumore.nl\/pt-pt\/wp-json\/wp\/v2\/media?parent=5319"}],"wp:term":[{"taxonomy":"product_brand","embeddable":true,"href":"https:\/\/lumore.nl\/pt-pt\/wp-json\/wp\/v2\/product_brand?post=5319"},{"taxonomy":"product_cat","embeddable":true,"href":"https:\/\/lumore.nl\/pt-pt\/wp-json\/wp\/v2\/product_cat?post=5319"},{"taxonomy":"product_tag","embeddable":true,"href":"https:\/\/lumore.nl\/pt-pt\/wp-json\/wp\/v2\/product_tag?post=5319"}],"curies":[{"name":"wp","href":"https:\/\/api.w.org\/{rel}","templated":true}]}}