{"id":2945,"date":"2025-04-15T22:24:47","date_gmt":"2025-04-15T21:24:47","guid":{"rendered":"https:\/\/lumore.nl\/product\/pulseira-de-tenis-prateada\/"},"modified":"2025-04-15T22:24:47","modified_gmt":"2025-04-15T21:24:47","slug":"pulseira-de-tenis-prateada","status":"publish","type":"product","link":"https:\/\/lumore.nl\/pt-pt\/produto\/pulseira-de-tenis-prateada\/","title":{"rendered":"Pulseira de t\u00e9nis prateada"},"content":{"rendered":"","protected":false},"excerpt":{"rendered":"<p>A\u00e7o inoxid\u00e1vel\u2728<\/p>\n","protected":false},"featured_media":1121,"comment_status":"open","ping_status":"closed","template":"","meta":[],"product_brand":[],"product_cat":[59,19],"product_tag":[],"class_list":{"0":"post-2945","1":"product","2":"type-product","3":"status-publish","4":"has-post-thumbnail","6":"product_cat-vrouwen","7":"product_cat-armbanden","9":"first","10":"instock","11":"taxable","12":"shipping-taxable","13":"purchasable","14":"product-type-simple"},"aioseo_notices":[],"jetpack_sharing_enabled":true,"_links":{"self":[{"href":"https:\/\/lumore.nl\/pt-pt\/wp-json\/wp\/v2\/product\/2945","targetHints":{"allow":["GET"]}}],"collection":[{"href":"https:\/\/lumore.nl\/pt-pt\/wp-json\/wp\/v2\/product"}],"about":[{"href":"https:\/\/lumore.nl\/pt-pt\/wp-json\/wp\/v2\/types\/product"}],"replies":[{"embeddable":true,"href":"https:\/\/lumore.nl\/pt-pt\/wp-json\/wp\/v2\/comments?post=2945"}],"wp:featuredmedia":[{"embeddable":true,"href":"https:\/\/lumore.nl\/pt-pt\/wp-json\/wp\/v2\/media\/1121"}],"wp:attachment":[{"href":"https:\/\/lumore.nl\/pt-pt\/wp-json\/wp\/v2\/media?parent=2945"}],"wp:term":[{"taxonomy":"product_brand","embeddable":true,"href":"https:\/\/lumore.nl\/pt-pt\/wp-json\/wp\/v2\/product_brand?post=2945"},{"taxonomy":"product_cat","embeddable":true,"href":"https:\/\/lumore.nl\/pt-pt\/wp-json\/wp\/v2\/product_cat?post=2945"},{"taxonomy":"product_tag","embeddable":true,"href":"https:\/\/lumore.nl\/pt-pt\/wp-json\/wp\/v2\/product_tag?post=2945"}],"curies":[{"name":"wp","href":"https:\/\/api.w.org\/{rel}","templated":true}]}}