{"id":2906,"date":"2025-12-08T12:03:58","date_gmt":"2025-12-08T10:03:58","guid":{"rendered":"https:\/\/lumore.nl\/product\/anel-com-corrente-de-diamantes\/"},"modified":"2025-12-08T12:03:58","modified_gmt":"2025-12-08T11:03:58","slug":"anel-com-corrente-de-diamantes","status":"publish","type":"product","link":"https:\/\/lumore.nl\/pt-pt\/produto\/anel-com-corrente-de-diamantes\/","title":{"rendered":"Anel com corrente de diamantes"},"content":{"rendered":"","protected":false},"excerpt":{"rendered":"<p>Anel personaliz\u00e1vel em a\u00e7o inoxid\u00e1vel\u2728.<\/p>\n","protected":false},"featured_media":1345,"comment_status":"open","ping_status":"closed","template":"","meta":[],"product_brand":[],"product_cat":[146,141],"product_tag":[],"class_list":{"0":"post-2906","1":"product","2":"type-product","3":"status-publish","4":"has-post-thumbnail","6":"product_cat-aneis","7":"product_cat-mulheres","9":"first","10":"instock","11":"taxable","12":"shipping-taxable","13":"purchasable","14":"product-type-simple"},"aioseo_notices":[],"jetpack_sharing_enabled":true,"_links":{"self":[{"href":"https:\/\/lumore.nl\/pt-pt\/wp-json\/wp\/v2\/product\/2906","targetHints":{"allow":["GET"]}}],"collection":[{"href":"https:\/\/lumore.nl\/pt-pt\/wp-json\/wp\/v2\/product"}],"about":[{"href":"https:\/\/lumore.nl\/pt-pt\/wp-json\/wp\/v2\/types\/product"}],"replies":[{"embeddable":true,"href":"https:\/\/lumore.nl\/pt-pt\/wp-json\/wp\/v2\/comments?post=2906"}],"wp:featuredmedia":[{"embeddable":true,"href":"https:\/\/lumore.nl\/pt-pt\/wp-json\/wp\/v2\/media\/1345"}],"wp:attachment":[{"href":"https:\/\/lumore.nl\/pt-pt\/wp-json\/wp\/v2\/media?parent=2906"}],"wp:term":[{"taxonomy":"product_brand","embeddable":true,"href":"https:\/\/lumore.nl\/pt-pt\/wp-json\/wp\/v2\/product_brand?post=2906"},{"taxonomy":"product_cat","embeddable":true,"href":"https:\/\/lumore.nl\/pt-pt\/wp-json\/wp\/v2\/product_cat?post=2906"},{"taxonomy":"product_tag","embeddable":true,"href":"https:\/\/lumore.nl\/pt-pt\/wp-json\/wp\/v2\/product_tag?post=2906"}],"curies":[{"name":"wp","href":"https:\/\/api.w.org\/{rel}","templated":true}]}}