{"id":2997,"date":"2025-04-15T09:59:29","date_gmt":"2025-04-15T08:59:29","guid":{"rendered":"https:\/\/lumore.nl\/regressa\/"},"modified":"2026-01-26T17:28:21","modified_gmt":"2026-01-26T16:28:21","slug":"regressa","status":"publish","type":"page","link":"https:\/\/lumore.nl\/pt-pt\/regressa\/","title":{"rendered":"Regressa"},"content":{"rendered":"\n<div class=\"wp-block-stackable-text stk-block-text stk-block stk-ae9bac8\" data-block-id=\"ae9bac8\"><p class=\"stk-block-text__text\">Tens o direito de anular a tua encomenda at\u00e9 14 dias ap\u00f3s a rece\u00e7\u00e3o da mesma, sem indicar qualquer motivo. Disp\u00f5es de mais 14 dias para devolver o produto ap\u00f3s o cancelamento. Ser-te-\u00e1 ent\u00e3o creditado o montante total da encomenda, incluindo os custos de envio. <strong>Apenas os custos de devolu\u00e7\u00e3o do teu domic\u00edlio para a loja s\u00e3o por tua conta<\/strong>. Se exerceres o teu direito de rescis\u00e3o, o produto ser\u00e1 devolvido ao empres\u00e1rio com todos os acess\u00f3rios entregues e &#8211; se for razoavelmente poss\u00edvel &#8211; no seu estado e embalagem originais. Para exercer este direito, <strong>contacta-nos em info@Lumore.nl ou utiliza o formul\u00e1rio abaixo<\/strong> ou descarrega o <a href=\"https:\/\/lumore.nl\/wp-content\/uploads\/2025\/04\/Retourformulier.pdf\" title=\"\">formul\u00e1rio de devolu\u00e7\u00e3o<\/a>. Procederemos ent\u00e3o ao reembolso do montante da encomenda no prazo de 14 dias a contar da notifica\u00e7\u00e3o da tua devolu\u00e7\u00e3o, desde que o produto j\u00e1 tenha sido recebido em boas condi\u00e7\u00f5es.     <\/p><\/div>\n\n<div class=\"wp-block-group alignfull has-background-background-color has-background is-layout-constrained wp-block-group-is-layout-constrained\" style=\"margin-top:0;margin-bottom:0;padding-top:var(--wp--preset--spacing--60);padding-bottom:var(--wp--preset--spacing--60)\">\n<div class=\"wp-block-columns alignwide are-vertically-aligned-center is-layout-flex wp-container-core-columns-is-layout-f3a7ff92 wp-block-columns-is-layout-flex\" style=\"border-radius:1.5rem\">\n<div class=\"wp-block-column is-vertically-aligned-center is-layout-flow wp-block-column-is-layout-flow\" style=\"flex-basis:40%\"><\/div>\n\n\n\n<div class=\"wp-block-column is-vertically-aligned-center is-layout-flow wp-block-column-is-layout-flow\" style=\"flex-basis:50%\">\n<div class=\"wp-block-group is-content-justification-left is-layout-constrained wp-container-core-group-is-layout-cdff7eec wp-block-group-is-layout-constrained\" style=\"padding-top:var(--wp--preset--spacing--30);padding-right:0;padding-bottom:var(--wp--preset--spacing--30);padding-left:0\">\n<h2 class=\"wp-block-heading\" style=\"margin-top:12px\">Formul\u00e1rio de devolu\u00e7\u00e3o<\/h2>\n<\/div>\n<\/div>\n<\/div>\n<\/div>\n<div class=\"wpforms-container wpforms-block wpforms-block-028d77b9-3743-4d66-bf1e-da47d8335900 wpforms-render-modern\" id=\"wpforms-1509\"><form id=\"wpforms-form-1509\" class=\"wpforms-validate wpforms-form wpforms-ajax-form\" data-formid=\"1509\" method=\"post\" enctype=\"multipart\/form-data\" action=\"\/pt-pt\/wp-json\/wp\/v2\/pages\/2997\" data-token=\"86aedd2d3c540f47d994936e82c9f1e1\" data-token-time=\"1778326523\"><noscript class=\"wpforms-error-noscript\">Please enable JavaScript in your browser to complete this form.<\/noscript><div id=\"wpforms-error-noscript\" style=\"display: none;\">Please enable JavaScript in your browser to complete this form.<\/div><div class=\"wpforms-field-container\"><div id=\"wpforms-1509-field_1-container\" class=\"wpforms-field wpforms-field-name\" data-field-id=\"1\"><fieldset><legend class=\"wpforms-field-label\">Naam <span class=\"wpforms-required-label\" aria-hidden=\"true\">*<\/span><\/legend><div class=\"wpforms-field-row wpforms-field-medium\"><div class=\"wpforms-field-row-block wpforms-first wpforms-one-half\"><input type=\"text\" id=\"wpforms-1509-field_1\" class=\"wpforms-field-name-first wpforms-field-required\" name=\"wpforms[fields][1][first]\" aria-errormessage=\"wpforms-1509-field_1-error\" required><label for=\"wpforms-1509-field_1\" class=\"wpforms-field-sublabel after\">First<\/label><\/div><div class=\"wpforms-field-row-block wpforms-one-half\"><input type=\"text\" id=\"wpforms-1509-field_1-last\" class=\"wpforms-field-name-last wpforms-field-required\" name=\"wpforms[fields][1][last]\" aria-errormessage=\"wpforms-1509-field_1-last-error\" required><label for=\"wpforms-1509-field_1-last\" class=\"wpforms-field-sublabel after\">Last<\/label><\/div><\/div><\/fieldset><\/div>\t\t<div id=\"wpforms-1509-field_4-container\"\n\t\t\tclass=\"wpforms-field wpforms-field-text\"\n\t\t\tdata-field-type=\"text\"\n\t\t\tdata-field-id=\"4\"\n\t\t\t>\n\t\t\t<label class=\"wpforms-field-label\" for=\"wpforms-1509-field_4\" >retour van Reden<\/label>\n\t\t\t<input type=\"text\" id=\"wpforms-1509-field_4\" class=\"wpforms-field-medium\" name=\"wpforms[fields][4]\" >\n\t\t<\/div>\n\t\t<div id=\"wpforms-1509-field_2-container\" class=\"wpforms-field wpforms-field-email\" data-field-id=\"2\"><label class=\"wpforms-field-label\" for=\"wpforms-1509-field_2\">E-mail <span class=\"wpforms-required-label\" aria-hidden=\"true\">*<\/span><\/label><input type=\"email\" id=\"wpforms-1509-field_2\" class=\"wpforms-field-medium wpforms-field-required\" name=\"wpforms[fields][2]\" spellcheck=\"false\" aria-errormessage=\"wpforms-1509-field_2-error\" required><\/div><div id=\"wpforms-1509-field_5-container\" class=\"wpforms-field wpforms-field-number\" data-field-id=\"5\"><label class=\"wpforms-field-label\" for=\"wpforms-1509-field_5\">Order Nummer <span class=\"wpforms-required-label\" aria-hidden=\"true\">*<\/span><\/label><input type=\"number\" id=\"wpforms-1509-field_5\" class=\"wpforms-field-medium wpforms-field-required\" name=\"wpforms[fields][5]\" step=\"any\" aria-errormessage=\"wpforms-1509-field_5-error\" required><\/div><div id=\"wpforms-1509-field_3-container\" class=\"wpforms-field wpforms-field-textarea\" data-field-id=\"3\"><label class=\"wpforms-field-label\" for=\"wpforms-1509-field_3\">Reden van retour (Optioneel)<\/label><textarea id=\"wpforms-1509-field_3\" class=\"wpforms-field-medium\" name=\"wpforms[fields][3]\" aria-errormessage=\"wpforms-1509-field_3-error\" ><\/textarea><\/div><script>\n\t\t\t\t( function() {\n\t\t\t\t\tconst style = document.createElement( 'style' );\n\t\t\t\t\tstyle.appendChild( document.createTextNode( '#wpforms-1509-field_4-container { position: absolute !important; overflow: hidden !important; display: inline !important; height: 1px !important; width: 1px !important; z-index: -1000 !important; padding: 0 !important; } #wpforms-1509-field_4-container input { visibility: hidden; } #wpforms-conversational-form-page #wpforms-1509-field_4-container label { counter-increment: none; }' ) );\n\t\t\t\t\tdocument.head.appendChild( style );\n\t\t\t\t\tdocument.currentScript?.remove();\n\t\t\t\t} )();\n\t\t\t<\/script><\/div><!-- .wpforms-field-container --><div class=\"wpforms-submit-container\" ><input type=\"hidden\" name=\"wpforms[id]\" value=\"1509\"><input type=\"hidden\" name=\"page_title\" value=\"\"><input type=\"hidden\" name=\"page_url\" value=\"https:\/\/lumore.nl\/pt-pt\/wp-json\/wp\/v2\/pages\/2997\"><input type=\"hidden\" name=\"url_referer\" value=\"\"><button type=\"submit\" name=\"wpforms[submit]\" id=\"wpforms-submit-1509\" class=\"wpforms-submit\" data-alt-text=\"Verzenden...\" data-submit-text=\"Verzend\" aria-live=\"assertive\" value=\"wpforms-submit\">Verzend<\/button><img loading=\"lazy\" decoding=\"async\" src=\"https:\/\/lumore.nl\/wp-content\/plugins\/wpforms-lite\/assets\/images\/submit-spin.svg\" class=\"wpforms-submit-spinner\" style=\"display: none;\" width=\"26\" height=\"26\" alt=\"Loading\"><\/div><\/form><\/div>  <!-- .wpforms-container -->","protected":false},"excerpt":{"rendered":"<p>Tens o direito de anular a tua encomenda at\u00e9 14 dias ap\u00f3s a rece\u00e7\u00e3o da mesma, sem indicar qualquer motivo. Disp\u00f5es de mais 14 dias para devolver o produto ap\u00f3s o cancelamento. Ser-te-\u00e1 ent\u00e3o creditado o montante total da encomenda, incluindo os custos de envio. Apenas os custos de devolu\u00e7\u00e3o do teu domic\u00edlio para a [&hellip;]<\/p>\n","protected":false},"author":1,"featured_media":0,"parent":0,"menu_order":0,"comment_status":"closed","ping_status":"closed","template":"","meta":{"footnotes":""},"class_list":["post-2997","page","type-page","status-publish","hentry"],"blocksy_meta":[],"aioseo_notices":[],"jetpack_sharing_enabled":true,"_links":{"self":[{"href":"https:\/\/lumore.nl\/pt-pt\/wp-json\/wp\/v2\/pages\/2997","targetHints":{"allow":["GET"]}}],"collection":[{"href":"https:\/\/lumore.nl\/pt-pt\/wp-json\/wp\/v2\/pages"}],"about":[{"href":"https:\/\/lumore.nl\/pt-pt\/wp-json\/wp\/v2\/types\/page"}],"author":[{"embeddable":true,"href":"https:\/\/lumore.nl\/pt-pt\/wp-json\/wp\/v2\/users\/1"}],"replies":[{"embeddable":true,"href":"https:\/\/lumore.nl\/pt-pt\/wp-json\/wp\/v2\/comments?post=2997"}],"version-history":[{"count":3,"href":"https:\/\/lumore.nl\/pt-pt\/wp-json\/wp\/v2\/pages\/2997\/revisions"}],"predecessor-version":[{"id":5114,"href":"https:\/\/lumore.nl\/pt-pt\/wp-json\/wp\/v2\/pages\/2997\/revisions\/5114"}],"wp:attachment":[{"href":"https:\/\/lumore.nl\/pt-pt\/wp-json\/wp\/v2\/media?parent=2997"}],"curies":[{"name":"wp","href":"https:\/\/api.w.org\/{rel}","templated":true}]}}