{"id":3533,"date":"2025-12-09T14:21:34","date_gmt":"2025-12-09T13:21:34","guid":{"rendered":"https:\/\/lumore.nl\/product\/bracelet-cleopatre\/"},"modified":"2025-12-09T14:21:34","modified_gmt":"2025-12-09T13:21:34","slug":"bracelet-cleopatre","status":"publish","type":"product","link":"https:\/\/lumore.nl\/fr\/produit\/bracelet-cleopatre\/","title":{"rendered":"Bracelet Cl\u00e9op\u00e2tre"},"content":{"rendered":"","protected":false},"excerpt":{"rendered":"<p>Acier inoxydable plaqu\u00e9 or 18K\u2728<\/p>\n","protected":false},"featured_media":3364,"comment_status":"open","ping_status":"closed","template":"","meta":[],"product_brand":[],"product_cat":[94,91],"product_tag":[],"class_list":{"0":"post-3533","1":"product","2":"type-product","3":"status-publish","4":"has-post-thumbnail","6":"product_cat-bracelets","7":"product_cat-les-femmes","9":"first","10":"outofstock","11":"taxable","12":"shipping-taxable","13":"purchasable","14":"product-type-simple"},"aioseo_notices":[],"jetpack_sharing_enabled":true,"_links":{"self":[{"href":"https:\/\/lumore.nl\/fr\/wp-json\/wp\/v2\/product\/3533","targetHints":{"allow":["GET"]}}],"collection":[{"href":"https:\/\/lumore.nl\/fr\/wp-json\/wp\/v2\/product"}],"about":[{"href":"https:\/\/lumore.nl\/fr\/wp-json\/wp\/v2\/types\/product"}],"replies":[{"embeddable":true,"href":"https:\/\/lumore.nl\/fr\/wp-json\/wp\/v2\/comments?post=3533"}],"wp:featuredmedia":[{"embeddable":true,"href":"https:\/\/lumore.nl\/fr\/wp-json\/wp\/v2\/media\/3364"}],"wp:attachment":[{"href":"https:\/\/lumore.nl\/fr\/wp-json\/wp\/v2\/media?parent=3533"}],"wp:term":[{"taxonomy":"product_brand","embeddable":true,"href":"https:\/\/lumore.nl\/fr\/wp-json\/wp\/v2\/product_brand?post=3533"},{"taxonomy":"product_cat","embeddable":true,"href":"https:\/\/lumore.nl\/fr\/wp-json\/wp\/v2\/product_cat?post=3533"},{"taxonomy":"product_tag","embeddable":true,"href":"https:\/\/lumore.nl\/fr\/wp-json\/wp\/v2\/product_tag?post=3533"}],"curies":[{"name":"wp","href":"https:\/\/api.w.org\/{rel}","templated":true}]}}