{"id":2066,"date":"2025-12-08T20:07:13","date_gmt":"2025-12-08T18:07:13","guid":{"rendered":"https:\/\/lumore.nl\/product\/collier-elegant\/"},"modified":"2025-12-08T20:07:13","modified_gmt":"2025-12-08T19:07:13","slug":"collier-elegant","status":"publish","type":"product","link":"https:\/\/lumore.nl\/fr\/produit\/collier-elegant\/","title":{"rendered":"Collier \u00e9l\u00e9gant"},"content":{"rendered":"","protected":false},"excerpt":{"rendered":"<p>Acier inoxydable plaqu\u00e9 or 18K\u2728<\/p>\n","protected":false},"featured_media":1474,"comment_status":"open","ping_status":"closed","template":"","meta":[],"product_brand":[],"product_cat":[92,91],"product_tag":[],"class_list":{"0":"post-2066","1":"product","2":"type-product","3":"status-publish","4":"has-post-thumbnail","6":"product_cat-chaines","7":"product_cat-les-femmes","9":"first","10":"instock","11":"taxable","12":"shipping-taxable","13":"purchasable","14":"product-type-simple"},"aioseo_notices":[],"jetpack_sharing_enabled":true,"_links":{"self":[{"href":"https:\/\/lumore.nl\/fr\/wp-json\/wp\/v2\/product\/2066","targetHints":{"allow":["GET"]}}],"collection":[{"href":"https:\/\/lumore.nl\/fr\/wp-json\/wp\/v2\/product"}],"about":[{"href":"https:\/\/lumore.nl\/fr\/wp-json\/wp\/v2\/types\/product"}],"replies":[{"embeddable":true,"href":"https:\/\/lumore.nl\/fr\/wp-json\/wp\/v2\/comments?post=2066"}],"wp:featuredmedia":[{"embeddable":true,"href":"https:\/\/lumore.nl\/fr\/wp-json\/wp\/v2\/media\/1474"}],"wp:attachment":[{"href":"https:\/\/lumore.nl\/fr\/wp-json\/wp\/v2\/media?parent=2066"}],"wp:term":[{"taxonomy":"product_brand","embeddable":true,"href":"https:\/\/lumore.nl\/fr\/wp-json\/wp\/v2\/product_brand?post=2066"},{"taxonomy":"product_cat","embeddable":true,"href":"https:\/\/lumore.nl\/fr\/wp-json\/wp\/v2\/product_cat?post=2066"},{"taxonomy":"product_tag","embeddable":true,"href":"https:\/\/lumore.nl\/fr\/wp-json\/wp\/v2\/product_tag?post=2066"}],"curies":[{"name":"wp","href":"https:\/\/api.w.org\/{rel}","templated":true}]}}