{"id":1893,"date":"2025-04-15T09:59:29","date_gmt":"2025-04-15T08:59:29","guid":{"rendered":"https:\/\/lumore.nl\/retour\/"},"modified":"2026-01-26T17:28:20","modified_gmt":"2026-01-26T16:28:20","slug":"retour","status":"publish","type":"page","link":"https:\/\/lumore.nl\/fr\/retour\/","title":{"rendered":"Retour"},"content":{"rendered":"\n<div class=\"wp-block-stackable-text stk-block-text stk-block stk-ae9bac8\" data-block-id=\"ae9bac8\"><p class=\"stk-block-text__text\">Vous avez le droit d&rsquo;annuler votre commande jusqu&rsquo;\u00e0 14 jours apr\u00e8s sa r\u00e9ception sans donner de raison. Vous disposez d&rsquo;un d\u00e9lai suppl\u00e9mentaire de 14 jours pour renvoyer votre produit apr\u00e8s l&rsquo;annulation. Vous serez alors cr\u00e9dit\u00e9 du montant total de la commande, y compris les frais d&rsquo;exp\u00e9dition. <strong>Seuls les frais de retour de votre domicile au magasin sont \u00e0 votre charge<\/strong>. Si vous exercez votre droit de r\u00e9tractation, le produit sera renvoy\u00e9 \u00e0 l&rsquo;entrepreneur avec tous les accessoires livr\u00e9s et &#8211; si cela est raisonnablement possible &#8211; dans son \u00e9tat et son emballage d&rsquo;origine. Pour exercer ce droit, veuillez <strong>nous contacter \u00e0 l&rsquo;adresse info@Lumore.nl ou utiliser le formulaire ci-dessous<\/strong> ou t\u00e9l\u00e9charger le <a href=\"https:\/\/lumore.nl\/wp-content\/uploads\/2025\/04\/Retourformulier.pdf\" title=\"\">formulaire de retour<\/a>. Nous vous rembourserons alors le montant de la commande dans les 14 jours suivant la notification de votre retour, \u00e0 condition que le produit ait d\u00e9j\u00e0 \u00e9t\u00e9 re\u00e7u en bon \u00e9tat.     <\/p><\/div>\n\n<div class=\"wp-block-group alignfull has-background-background-color has-background is-layout-constrained wp-block-group-is-layout-constrained\" style=\"margin-top:0;margin-bottom:0;padding-top:var(--wp--preset--spacing--60);padding-bottom:var(--wp--preset--spacing--60)\">\n<div class=\"wp-block-columns alignwide are-vertically-aligned-center is-layout-flex wp-container-core-columns-is-layout-f3a7ff92 wp-block-columns-is-layout-flex\" style=\"border-radius:1.5rem\">\n<div class=\"wp-block-column is-vertically-aligned-center is-layout-flow wp-block-column-is-layout-flow\" style=\"flex-basis:40%\"><\/div>\n\n\n\n<div class=\"wp-block-column is-vertically-aligned-center is-layout-flow wp-block-column-is-layout-flow\" style=\"flex-basis:50%\">\n<div class=\"wp-block-group is-content-justification-left is-layout-constrained wp-container-core-group-is-layout-cdff7eec wp-block-group-is-layout-constrained\" style=\"padding-top:var(--wp--preset--spacing--30);padding-right:0;padding-bottom:var(--wp--preset--spacing--30);padding-left:0\">\n<h2 class=\"wp-block-heading\" style=\"margin-top:12px\">Formulaire de retour<\/h2>\n<\/div>\n<\/div>\n<\/div>\n<\/div>\n<div class=\"wpforms-container wpforms-block wpforms-block-028d77b9-3743-4d66-bf1e-da47d8335900 wpforms-render-modern\" id=\"wpforms-1509\"><form id=\"wpforms-form-1509\" class=\"wpforms-validate wpforms-form wpforms-ajax-form\" data-formid=\"1509\" method=\"post\" enctype=\"multipart\/form-data\" action=\"\/fr\/wp-json\/wp\/v2\/pages\/1893\" data-token=\"86aedd2d3c540f47d994936e82c9f1e1\" data-token-time=\"1778298646\"><noscript class=\"wpforms-error-noscript\">Veuillez activer JavaScript dans votre navigateur pour remplir ce formulaire.<\/noscript><div id=\"wpforms-error-noscript\" style=\"display: none;\">Veuillez activer JavaScript dans votre navigateur pour remplir ce formulaire.<\/div><div class=\"wpforms-field-container\">\t\t<div id=\"wpforms-1509-field_4-container\"\n\t\t\tclass=\"wpforms-field wpforms-field-text\"\n\t\t\tdata-field-type=\"text\"\n\t\t\tdata-field-id=\"4\"\n\t\t\t>\n\t\t\t<label class=\"wpforms-field-label\" for=\"wpforms-1509-field_4\" >Nummer retour Naam<\/label>\n\t\t\t<input type=\"text\" id=\"wpforms-1509-field_4\" class=\"wpforms-field-medium\" name=\"wpforms[fields][4]\" >\n\t\t<\/div>\n\t\t<div id=\"wpforms-1509-field_1-container\" class=\"wpforms-field wpforms-field-name\" data-field-id=\"1\"><fieldset><legend class=\"wpforms-field-label\">Naam <span class=\"wpforms-required-label\" aria-hidden=\"true\">*<\/span><\/legend><div class=\"wpforms-field-row wpforms-field-medium\"><div class=\"wpforms-field-row-block wpforms-first wpforms-one-half\"><input type=\"text\" id=\"wpforms-1509-field_1\" class=\"wpforms-field-name-first wpforms-field-required\" name=\"wpforms[fields][1][first]\" aria-errormessage=\"wpforms-1509-field_1-error\" required><label for=\"wpforms-1509-field_1\" class=\"wpforms-field-sublabel after\">Pr\u00e9nom<\/label><\/div><div class=\"wpforms-field-row-block wpforms-one-half\"><input type=\"text\" id=\"wpforms-1509-field_1-last\" class=\"wpforms-field-name-last wpforms-field-required\" name=\"wpforms[fields][1][last]\" aria-errormessage=\"wpforms-1509-field_1-last-error\" required><label for=\"wpforms-1509-field_1-last\" class=\"wpforms-field-sublabel after\">Nom<\/label><\/div><\/div><\/fieldset><\/div><div id=\"wpforms-1509-field_2-container\" class=\"wpforms-field wpforms-field-email\" data-field-id=\"2\"><label class=\"wpforms-field-label\" for=\"wpforms-1509-field_2\">E-mail <span class=\"wpforms-required-label\" aria-hidden=\"true\">*<\/span><\/label><input type=\"email\" id=\"wpforms-1509-field_2\" class=\"wpforms-field-medium wpforms-field-required\" name=\"wpforms[fields][2]\" spellcheck=\"false\" aria-errormessage=\"wpforms-1509-field_2-error\" required><\/div><div id=\"wpforms-1509-field_5-container\" class=\"wpforms-field wpforms-field-number\" data-field-id=\"5\"><label class=\"wpforms-field-label\" for=\"wpforms-1509-field_5\">Order Nummer <span class=\"wpforms-required-label\" aria-hidden=\"true\">*<\/span><\/label><input type=\"number\" id=\"wpforms-1509-field_5\" class=\"wpforms-field-medium wpforms-field-required\" name=\"wpforms[fields][5]\" step=\"any\" aria-errormessage=\"wpforms-1509-field_5-error\" required><\/div><div id=\"wpforms-1509-field_3-container\" class=\"wpforms-field wpforms-field-textarea\" data-field-id=\"3\"><label class=\"wpforms-field-label\" for=\"wpforms-1509-field_3\">Reden van retour (Optioneel)<\/label><textarea id=\"wpforms-1509-field_3\" class=\"wpforms-field-medium\" name=\"wpforms[fields][3]\" aria-errormessage=\"wpforms-1509-field_3-error\" ><\/textarea><\/div><script>\n\t\t\t\t( function() {\n\t\t\t\t\tconst style = document.createElement( 'style' );\n\t\t\t\t\tstyle.appendChild( document.createTextNode( '#wpforms-1509-field_4-container { position: absolute !important; overflow: hidden !important; display: inline !important; height: 1px !important; width: 1px !important; z-index: -1000 !important; padding: 0 !important; } #wpforms-1509-field_4-container input { visibility: hidden; } #wpforms-conversational-form-page #wpforms-1509-field_4-container label { counter-increment: none; }' ) );\n\t\t\t\t\tdocument.head.appendChild( style );\n\t\t\t\t\tdocument.currentScript?.remove();\n\t\t\t\t} )();\n\t\t\t<\/script><\/div><!-- .wpforms-field-container --><div class=\"wpforms-submit-container\" ><input type=\"hidden\" name=\"wpforms[id]\" value=\"1509\"><input type=\"hidden\" name=\"page_title\" value=\"\"><input type=\"hidden\" name=\"page_url\" value=\"https:\/\/lumore.nl\/fr\/wp-json\/wp\/v2\/pages\/1893\"><input type=\"hidden\" name=\"url_referer\" value=\"\"><button type=\"submit\" name=\"wpforms[submit]\" id=\"wpforms-submit-1509\" class=\"wpforms-submit\" data-alt-text=\"Verzenden...\" data-submit-text=\"Verzend\" aria-live=\"assertive\" value=\"wpforms-submit\">Verzend<\/button><img loading=\"lazy\" decoding=\"async\" src=\"https:\/\/lumore.nl\/wp-content\/plugins\/wpforms-lite\/assets\/images\/submit-spin.svg\" class=\"wpforms-submit-spinner\" style=\"display: none;\" width=\"26\" height=\"26\" alt=\"Chargement en cours\"><\/div><\/form><\/div>  <!-- .wpforms-container -->","protected":false},"excerpt":{"rendered":"<p>Vous avez le droit d&rsquo;annuler votre commande jusqu&rsquo;\u00e0 14 jours apr\u00e8s sa r\u00e9ception sans donner de raison. Vous disposez d&rsquo;un d\u00e9lai suppl\u00e9mentaire de 14 jours pour renvoyer votre produit apr\u00e8s l&rsquo;annulation. Vous serez alors cr\u00e9dit\u00e9 du montant total de la commande, y compris les frais d&rsquo;exp\u00e9dition. Seuls les frais de retour de votre domicile au [&hellip;]<\/p>\n","protected":false},"author":1,"featured_media":0,"parent":0,"menu_order":0,"comment_status":"closed","ping_status":"closed","template":"","meta":{"footnotes":""},"class_list":["post-1893","page","type-page","status-publish","hentry"],"blocksy_meta":[],"aioseo_notices":[],"jetpack_sharing_enabled":true,"_links":{"self":[{"href":"https:\/\/lumore.nl\/fr\/wp-json\/wp\/v2\/pages\/1893","targetHints":{"allow":["GET"]}}],"collection":[{"href":"https:\/\/lumore.nl\/fr\/wp-json\/wp\/v2\/pages"}],"about":[{"href":"https:\/\/lumore.nl\/fr\/wp-json\/wp\/v2\/types\/page"}],"author":[{"embeddable":true,"href":"https:\/\/lumore.nl\/fr\/wp-json\/wp\/v2\/users\/1"}],"replies":[{"embeddable":true,"href":"https:\/\/lumore.nl\/fr\/wp-json\/wp\/v2\/comments?post=1893"}],"version-history":[{"count":2,"href":"https:\/\/lumore.nl\/fr\/wp-json\/wp\/v2\/pages\/1893\/revisions"}],"predecessor-version":[{"id":5112,"href":"https:\/\/lumore.nl\/fr\/wp-json\/wp\/v2\/pages\/1893\/revisions\/5112"}],"wp:attachment":[{"href":"https:\/\/lumore.nl\/fr\/wp-json\/wp\/v2\/media?parent=1893"}],"curies":[{"name":"wp","href":"https:\/\/api.w.org\/{rel}","templated":true}]}}