{"id":1891,"date":"2025-03-08T23:46:14","date_gmt":"2025-03-08T22:46:14","guid":{"rendered":"https:\/\/lumore.nl\/politique-de-confidentialite\/"},"modified":"2025-12-09T01:42:14","modified_gmt":"2025-12-09T00:42:14","slug":"politique-de-confidentialite","status":"publish","type":"page","link":"https:\/\/lumore.nl\/fr\/politique-de-confidentialite\/","title":{"rendered":"Politique de confidentialit\u00e9"},"content":{"rendered":"\n<p><a href=\"https:\/\/Lumore.nl\">https:\/\/Lumore.nl<\/a><\/p>\n\n<h2 class=\"wp-block-heading\"><strong>A propos de notre politique de confidentialit\u00e9<\/strong><\/h2>\n\n<p>Lumore se pr\u00e9occupe beaucoup de votre vie priv\u00e9e. C&rsquo;est pourquoi nous ne traitons que les donn\u00e9es dont nous avons besoin (la <\/p>\n\n<p>am\u00e9liorer) nos services et traiter les informations que nous recueillons \u00e0 votre sujet et l&rsquo;utilisation que vous faites de nos services.<\/p>\n\n<p>que nos services ont collect\u00e9es. Nous ne mettons jamais vos donn\u00e9es \u00e0 la disposition de tiers \u00e0 des fins commerciales. <\/p>\n\n<p>des tiers.<\/p>\n\n<p>La pr\u00e9sente politique de confidentialit\u00e9 s&rsquo;applique \u00e0 l&rsquo;utilisation du site web et des services qui y sont accessibles par<\/p>\n\n<p>Lumore. La date d&rsquo;entr\u00e9e en vigueur de ces conditions est le 15\/04\/2025, avec la publication d&rsquo;un communiqu\u00e9 de presse. <\/p>\n\n<p>La nouvelle version expire la validit\u00e9 de toutes les versions pr\u00e9c\u00e9dentes. Cette politique de confidentialit\u00e9 d\u00e9crit les donn\u00e9es vous concernant <\/p>\n\n<p>sont collect\u00e9es par nous, \u00e0 quelles fins ces donn\u00e9es sont utilis\u00e9es, avec qui et dans quelles conditions<\/p>\n\n<p>ces donn\u00e9es peuvent \u00e9ventuellement \u00eatre partag\u00e9es avec des tiers. Nous vous expliquerons \u00e9galement comment nous partageons vos <\/p>\n\n<p>donn\u00e9es et comment nous prot\u00e9geons vos donn\u00e9es d&rsquo;un usage abusif, ainsi que les droits dont vous disposez en relation avec ces donn\u00e9es.<\/p>\n\n<p>les donn\u00e9es personnelles que vous nous avez fournies.<\/p>\n\n<p>Si vous avez des questions concernant notre politique de protection de la vie priv\u00e9e, veuillez contacter notre personne de contact pour la protection de la vie priv\u00e9e, u<\/p>\n\n<p>Vous trouverez les coordonn\u00e9es de contact \u00e0 la fin de notre politique de confidentialit\u00e9.<\/p>\n\n<h2 class=\"wp-block-heading\">Traitement des donn\u00e9es<\/h2>\n\n<p>Vous pouvez lire ci-dessous comment nous traitons vos donn\u00e9es, o\u00f9 nous les stockons (ou les faisons stocker), quels sont les risques pour votre s\u00e9curit\u00e9 et votre sant\u00e9.<\/p>\n\n<p>les techniques de s\u00e9curit\u00e9 que nous utilisons et \u00e0 qui les donn\u00e9es peuvent \u00eatre consult\u00e9es.<\/p>\n\n<p><strong>Logiciel de boutique en ligne<\/strong><\/p>\n\n<p><strong>WooCommerce<\/strong><\/p>\n\n<p>Notre boutique en ligne est d\u00e9velopp\u00e9e \u00e0 l&rsquo;aide du logiciel WooCommerce. Les donn\u00e9es personnelles que vous fournissez au nom de notre <\/p>\n\n<p>les services mis \u00e0 notre disposition sont partag\u00e9s avec cette partie. WooCommerce a acc\u00e8s \u00e0 vos <\/p>\n\n<p>donn\u00e9es pour nous fournir une assistance (technique), ils n&rsquo;utiliseront jamais vos donn\u00e9es \u00e0 d&rsquo;autres fins.<\/p>\n\n<p>objectif. WooCommerce est tenu, en vertu de l&rsquo;accord que nous avons conclu avec eux, de fournir des informations appropri\u00e9es sur l&rsquo;utilisation de l&rsquo;Internet. <\/p>\n\n<p>prendre des mesures de s\u00e9curit\u00e9. Ces mesures de s\u00e9curit\u00e9 consistent en l&rsquo;application d&rsquo;un cryptage SSL et d&rsquo;un syst\u00e8me d&rsquo;authentification. <\/p>\n\n<p>une politique de mot de passe solide. WooCommerce utilise des cookies pour collecter des informations techniques <\/p>\n\n<p>concernant votre utilisation du logiciel, aucune donn\u00e9e personnelle n&rsquo;est collect\u00e9e et\/ou stock\u00e9e.<\/p>\n\n<p>WooCommerce se r\u00e9serve le droit de partager les donn\u00e9es collect\u00e9es au sein de son propre groupe afin d&rsquo;am\u00e9liorer la qualit\u00e9 de ses services.<\/p>\n\n<p>am\u00e9liorer encore les services.<\/p>\n\n<p><strong>H\u00e9bergement WooCommerce<\/strong><\/p>\n\n<p>Notre boutique en ligne est d\u00e9velopp\u00e9e avec le logiciel WooCommerce, que nous avons choisi pour notre h\u00e9bergement web.<\/p>\n\n<p>AndersStrato. Les donn\u00e9es personnelles que vous mettez \u00e0 notre disposition dans le cadre de nos services seront <\/p>\n\n<p>partag\u00e9es avec cette partie. AndersStrato a acc\u00e8s \u00e0 vos donn\u00e9es pour nous fournir une assistance (technique) <\/p>\n\n<p>En vertu de cet accord, AndersStrato s&rsquo;engage \u00e0 ne jamais utiliser vos donn\u00e9es \u00e0 d&rsquo;autres fins. Sur la base de l&rsquo;accord, AndersStrato est <\/p>\n\n<p>que nous avons conclue avec eux nous oblige \u00e0 prendre des mesures de s\u00e9curit\u00e9 appropri\u00e9es. Cette <\/p>\n\n<p>Les mesures de s\u00e9curit\u00e9 comprennent l&rsquo;utilisation du cryptage SSL et une politique de mot de passe fort. Il existe des <\/p>\n\n<p>des sauvegardes r\u00e9guli\u00e8res pour \u00e9viter la perte de donn\u00e9es.<\/p>\n\n<h2 class=\"wp-block-heading\">H\u00e9bergement web  <\/h2>\n\n<p><strong>Strato<\/strong><\/p>\n\n<p>Nous utilisons les services d&rsquo;h\u00e9bergement web et de courrier \u00e9lectronique de Stratp. Strato traite les donn\u00e9es \u00e0 caract\u00e8re personnel en notre nom et <\/p>\n\n<p>n&rsquo;utilise pas vos donn\u00e9es pour ses propres besoins. Cependant, cette partie peut collecter des m\u00e9tadonn\u00e9es sur l&rsquo;utilisation de vos donn\u00e9es. <\/p>\n\n<p>des services. Il ne s&rsquo;agit pas de donn\u00e9es \u00e0 caract\u00e8re personnel. Strato dispose des moyens techniques et organisationnels  <\/p>\n\n<p>les mesures prises pour pr\u00e9venir la perte et l&rsquo;utilisation non autoris\u00e9e de vos donn\u00e9es personnelles. Strato est sur <\/p>\n\n<p>est tenu de respecter la confidentialit\u00e9 dans le cadre de l&rsquo;accord.<\/p>\n\n<h2 class=\"wp-block-heading\">E-mail et listes de diffusion<\/h2>\n\n<p><strong>Strato<\/strong><\/p>\n\n<p>Nous utilisons les services de Strato pour notre trafic r\u00e9gulier de courrier \u00e9lectronique professionnel. Cette partie a <\/p>\n\n<p>pris les mesures techniques et organisationnelles appropri\u00e9es pour emp\u00eacher l&rsquo;utilisation abusive, la perte et la corruption de votre et de notre<\/p>\n\n<p>donn\u00e9es autant que possible. Strato n&rsquo;a pas acc\u00e8s \u00e0 notre bo\u00eete aux lettres et nous traitons tous nos courriers \u00e9lectroniques. <\/p>\n\n<p>le trafic de courrier est confidentiel.<\/p>\n\n<h2 class=\"wp-block-heading\">Processeurs de paiement<\/h2>\n\n<p><strong>Rayure<\/strong><\/p>\n\n<p>Nous utilisons la plateforme de<\/p>\n\n<p>Stripe. Stripe traite votre nom, votre adresse et vos coordonn\u00e9es de r\u00e9sidence ainsi que vos donn\u00e9es de paiement telles que votre <\/p>\n\n<p>num\u00e9ro de compte bancaire ou de carte de cr\u00e9dit. Stripe a mis en place des mesures techniques et organisationnelles appropri\u00e9es <\/p>\n\n<p>pour prot\u00e9ger vos donn\u00e9es personnelles. Stripe se r\u00e9serve le droit de divulguer vos donn\u00e9es \u00e0 <\/p>\n\n<p>afin d&rsquo;am\u00e9liorer le service et, dans ce cadre, partager des donn\u00e9es (anonymes) avec d&rsquo;autres organisations.<\/p>\n\n<p>partage avec des tiers. Stripe partage dans le cas d&rsquo;une demande de paiement diff\u00e9r\u00e9 (facilit\u00e9 de cr\u00e9dit) <\/p>\n\n<p>les donn\u00e9es personnelles et les informations relatives \u00e0 votre situation financi\u00e8re aupr\u00e8s des agences de notation de cr\u00e9dit. Tous ces \u00e9l\u00e9ments <\/p>\n\n<p>Les garanties mentionn\u00e9es concernant la protection de vos donn\u00e9es personnelles sont \u00e9galement d&rsquo;une grande importance.<\/p>\n\n<p>s&rsquo;appliquent aux parties des services de Stripe pour lesquelles Stripe fait appel \u00e0 des tiers. Stripe <\/p>\n\n<p>ne conservera pas vos donn\u00e9es plus longtemps que les d\u00e9lais l\u00e9gaux ne le permettent.<\/p>\n\n<h2 class=\"wp-block-heading\">Exp\u00e9dition et logistique<\/h2>\n\n<p><strong>DHL<\/strong><\/p>\n\n<p>Lorsque vous passez une commande chez nous, notre t\u00e2che consiste \u00e0 vous livrer votre colis. Nous utilisons <\/p>\n\n<p>les services de DHL pour effectuer des livraisons. Pour ce faire, nous devons fournir votre nom, votre adresse <\/p>\n\n<p>et le lieu de r\u00e9sidence aupr\u00e8s de DHL. DHL n&rsquo;utilise ces donn\u00e9es qu&rsquo;aux fins de l&rsquo;ex\u00e9cution de la commande. <\/p>\n\n<p>accord. Si DHL fait appel \u00e0 des sous-traitants, DHL mettra \u00e9galement vos donn\u00e9es \u00e0 la disposition de ces parties. <\/p>\n\n<p>disposition.<\/p>\n\n<h2 class=\"wp-block-heading\">Canaux de vente externes<\/h2>\n\n<p><strong>Vinted<\/strong><\/p>\n\n<p>Nous vendons (une partie) de nos articles par l&rsquo;interm\u00e9diaire de la plateforme Vinted. Si vous achetez un <\/p>\n\n<p>Vinted partage alors votre commande et vos donn\u00e9es personnelles avec nous. Nous utilisons ces donn\u00e9es <\/p>\n\n<p>pour traiter votre commande. Nous traitons vos donn\u00e9es de mani\u00e8re confidentielle et disposons des moyens techniques et informatiques appropri\u00e9s. <\/p>\n\n<p>pris des mesures organisationnelles pour prot\u00e9ger vos donn\u00e9es contre la perte et l&rsquo;utilisation non autoris\u00e9e.<\/p>\n\n<h2 class=\"wp-block-heading\">Finalit\u00e9 du traitement des donn\u00e9es<\/h2>\n\n<p><strong>Finalit\u00e9 g\u00e9n\u00e9rale du traitement<\/strong><\/p>\n\n<p>Nous utilisons vos donn\u00e9es exclusivement dans le cadre de nos services. En d&rsquo;autres termes, l&rsquo;objectif de la <\/p>\n\n<p>Le traitement des donn\u00e9es est toujours directement li\u00e9 \u00e0 la commande que vous avez pass\u00e9e. Nous n&rsquo;utiliserons pas vos donn\u00e9es pour <\/p>\n\n<p>le marketing (cibl\u00e9). Si vous partagez des donn\u00e9es avec nous et que nous utilisons ces donn\u00e9es pour &#8211; autrement que pour votre <\/p>\n\n<p>demande &#8211; pour vous contacter ult\u00e9rieurement, nous vous demanderons votre autorisation explicite. Votre demande <\/p>\n\n<p>Les donn\u00e9es ne seront pas partag\u00e9es avec des tiers, sauf pour r\u00e9pondre \u00e0 des besoins comptables et administratifs.<\/p>\n\n<p>obligations. Ces tiers sont tous tenus \u00e0 la confidentialit\u00e9 en vertu de l&rsquo;accord <\/p>\n\n<p>entre eux et nous ou un serment ou une obligation l\u00e9gale.<\/p>\n\n<p><strong>Donn\u00e9es collect\u00e9es automatiquement<\/strong><\/p>\n\n<p>Les donn\u00e9es collect\u00e9es automatiquement par notre site web sont trait\u00e9es dans le but de traiter nos<\/p>\n\n<p>am\u00e9liorer les services. Ces donn\u00e9es (par exemple, votre adresse IP, votre navigateur web et votre num\u00e9ro de t\u00e9l\u00e9phone) sont utilis\u00e9es dans le cadre de la collecte de donn\u00e9es. <\/p>\n\n<p>syst\u00e8me d&rsquo;exploitation) ne sont pas des donn\u00e9es \u00e0 caract\u00e8re personnel.<\/p>\n\n<p><strong>Coop\u00e9ration dans les enqu\u00eates fiscales et p\u00e9nales<\/strong><\/p>\n\n<p>Le cas \u00e9ch\u00e9ant, Lumore peut \u00eatre tenue par la loi de partager<\/p>\n\n<p>de vos donn\u00e9es dans le cadre d&rsquo;enqu\u00eates fiscales ou criminelles men\u00e9es par le gouvernement. Dans ce cas <\/p>\n\n<p>nous sommes oblig\u00e9s de partager vos donn\u00e9es, mais nous le ferons, dans les limites des possibilit\u00e9s qui nous sont offertes par la loi<\/p>\n\n<p>s&rsquo;y opposer.<\/p>\n\n<p><strong>D\u00e9lais de conservation<\/strong><\/p>\n\n<p>Nous conservons vos donn\u00e9es aussi longtemps que vous \u00eates notre client. Cela signifie que nous conservons votre profil de client jusqu&rsquo;\u00e0 ce que vous <\/p>\n\n<p>indiquer que vous ne souhaitez plus utiliser nos services. Si vous nous indiquez cela, nous <\/p>\n\n<p>\u00e9galement \u00eatre interpr\u00e9t\u00e9e comme une demande d&rsquo;oubli. Cela signifie \u00e9galement que nous ne conserverons pas vos donn\u00e9es pendant plus de deux ans <\/p>\n\n<p>\u00e0 partir du dernier moment de contact ou de transaction, \u00e0 moins qu&rsquo;il n&rsquo;y ait une justification l\u00e9gale pour le faire.<\/p>\n\n<p>base. Conform\u00e9ment aux obligations administratives applicables, nous devons \u00e9mettre des factures contenant vos <\/p>\n\n<p>(personnelles), nous conserverons donc ces donn\u00e9es pendant toute la dur\u00e9e de la p\u00e9riode applicable.<\/p>\n\n<p>Toutefois, les employ\u00e9s n&rsquo;auront plus acc\u00e8s \u00e0 votre profil de client et aux documents que nous recevons en r\u00e9ponse \u00e0 des demandes d&rsquo;information.<\/p>\n\n<p>ont fabriqu\u00e9 votre commande.<\/p>\n\n<h2 class=\"wp-block-heading\"><strong>Vos droits<\/strong><\/h2>\n\n<p>En vertu de la l\u00e9gislation n\u00e9erlandaise et europ\u00e9enne applicable, vous disposez, en tant que personne concern\u00e9e, de certains droits aupr\u00e8s de<\/p>\n\n<p>concernant les donn\u00e9es \u00e0 caract\u00e8re personnel trait\u00e9es par nous ou en notre nom. Nous vous expliquons ci-dessous quels sont les <\/p>\n\n<p>Ces droits et la mani\u00e8re de les invoquer. En principe, pour \u00e9viter les abus, nous envoyons <\/p>\n\n<p>Les d\u00e9clarations et les copies de vos donn\u00e9es ne sont envoy\u00e9es qu&rsquo;\u00e0 l&rsquo;adresse \u00e9lectronique que nous connaissons d\u00e9j\u00e0. Dans le cas o\u00f9 vous envoyez le <\/p>\n\n<p>\u00e0 une autre adresse \u00e9lectronique ou, par exemple, par la poste, nous vous demanderons de vous abonner \u00e0 la liste de diffusion.<\/p>\n\n<p>identifier. Nous conservons les dossiers des demandes compl\u00e9t\u00e9es, dans le cas d&rsquo;une demande oubli\u00e9e <\/p>\n\n<p>nous g\u00e9rons des donn\u00e9es anonymes. Toutes les transcriptions et copies de donn\u00e9es seront re\u00e7ues au <\/p>\n\n<p>format de donn\u00e9es lisible par machine que nous utilisons dans nos syst\u00e8mes. Vous avez le droit, \u00e0 tout moment, de demander une <\/p>\n\n<p>d\u00e9poser une plainte aupr\u00e8s de l&rsquo;Autorit\u00e9 des donn\u00e9es personnelles si vous soup\u00e7onnez que nous avons utilis\u00e9 vos donn\u00e9es personnelles d&rsquo;une mani\u00e8re qui n&rsquo;est pas conforme \u00e0 la l\u00e9gislation nationale.<\/p>\n\n<p>utiliser de la mauvaise mani\u00e8re.<\/p>\n\n<p><strong>Droit de regard<\/strong><\/p>\n\n<p>Vous avez toujours le droit de demander les donn\u00e9es que nous traitons (ou avons trait\u00e9es) et qui se rapportent \u00e0 votre personne ou \u00e0 votre famille.<\/p>\n\n<p>sont tra\u00e7ables jusqu&rsquo;\u00e0 lui, pour \u00eatre inspect\u00e9s. Vous pouvez en faire la demande aupr\u00e8s de notre personne de contact pour <\/p>\n\n<p>des questions relatives \u00e0 la protection de la vie priv\u00e9e. Vous recevrez alors une r\u00e9ponse \u00e0 votre demande dans un d\u00e9lai de 30 jours. Si votre demande est accept\u00e9e  <\/p>\n\n<p>nous vous enverrons une copie de toutes les donn\u00e9es avec une liste des sous-traitants \u00e0 l&rsquo;adresse \u00e9lectronique que nous connaissons<\/p>\n\n<p>qui d\u00e9tiennent ces donn\u00e9es, en indiquant la cat\u00e9gorie sous laquelle nous les avons stock\u00e9es.<\/p>\n\n<p><strong>Droit de rectification<\/strong><\/p>\n\n<p>Vous avez toujours le droit de demander les donn\u00e9es que nous traitons (ou avons trait\u00e9es) et qui se rapportent \u00e0 votre personne ou \u00e0 votre famille.<\/p>\n\n<p>sont tra\u00e7ables, de les faire modifier. Vous pouvez en faire la demande \u00e0 notre personne de contact <\/p>\n\n<p>pour des questions relatives \u00e0 la protection de la vie priv\u00e9e. Vous recevrez alors une r\u00e9ponse \u00e0 votre demande dans un d\u00e9lai de 30 jours. Si votre demande est accept\u00e9e  <\/p>\n\n<p>nous vous enverrons une confirmation \u00e0 l&rsquo;adresse \u00e9lectronique dont nous avons connaissance que les donn\u00e9es ont \u00e9t\u00e9 mises \u00e0 jour.<\/p>\n\n<p><strong>Droit \u00e0 la limitation du traitement<\/strong><\/p>\n\n<p>Vous avez toujours le droit de demander les donn\u00e9es que nous traitons (ou avons trait\u00e9es) et qui se rapportent \u00e0 votre personne ou \u00e0 cette fin<\/p>\n\n<p>sont tra\u00e7ables, \u00e0 limiter. Vous pouvez faire une demande \u00e0 cet effet \u00e0 notre personne de contact pour <\/p>\n\n<p>des questions relatives \u00e0 la protection de la vie priv\u00e9e. Vous recevrez alors une r\u00e9ponse \u00e0 votre demande dans un d\u00e9lai de 30 jours. Si votre demande est accept\u00e9e  <\/p>\n\n<p>nous vous enverrons une confirmation \u00e0 l&rsquo;adresse \u00e9lectronique dont nous avons connaissance que les donn\u00e9es jusqu&rsquo;\u00e0 ce que vous leviez la limitation ne sont pas<\/p>\n\n<p>n&rsquo;est plus trait\u00e9e.<\/p>\n\n<p><strong>Droit de transfert<\/strong><\/p>\n\n<p>Vous avez toujours le droit de demander les donn\u00e9es que nous traitons (ou avons trait\u00e9es) et qui se rapportent \u00e0 votre personne ou \u00e0 votre famille.<\/p>\n\n<p>sont tra\u00e7ables, par une autre partie. Vous pouvez adresser une demande \u00e0 cet effet \u00e0 <\/p>\n\n<p>notre contact pour la protection de la vie priv\u00e9e. Vous recevrez alors une r\u00e9ponse \u00e0 votre demande dans les 30 jours. Si votre  <\/p>\n\n<p>Si votre demande est accept\u00e9e, nous vous enverrons des copies ou des copies de toutes les donn\u00e9es \u00e0 l&rsquo;adresse \u00e9lectronique que nous connaissons.<\/p>\n\n<p>les donn\u00e9es vous concernant que nous avons trait\u00e9es ou que d&rsquo;autres sous-traitants ou tiers ont trait\u00e9es en notre nom. \u00c0 tous les <\/p>\n\n<p>Il est probable que, dans ce cas, nous ne soyons plus en mesure de poursuivre les services parce que le syst\u00e8me de s\u00e9curit\u00e9 n&rsquo;a pas \u00e9t\u00e9 mis en place.<\/p>\n\n<p>l&rsquo;encha\u00eenement des fichiers de donn\u00e9es ne peut alors plus \u00eatre garanti.<\/p>\n\n<p><strong>Droit d&rsquo;opposition et autres droits<\/strong><\/p>\n\n<p>Vous avez le droit, le cas \u00e9ch\u00e9ant, de vous opposer au traitement de vos donn\u00e9es \u00e0 caract\u00e8re personnel<\/p>\n\n<p>par Lumore ou en son nom. Si vous vous y opposez, nous cesserons imm\u00e9diatement le traitement des donn\u00e9es dans les cas suivants <\/p>\n\n<p>dans l&rsquo;attente de la r\u00e9solution de votre objection. Si votre objection est fond\u00e9e, nous ferons des copies et\/ou <\/p>\n\n<p>des donn\u00e9es que nous traitons (ou avons trait\u00e9es) et de cesser d\u00e9finitivement le traitement. U <\/p>\n\n<p>a en outre le droit de ne pas \u00eatre soumis \u00e0 une prise de d\u00e9cision individuelle automatis\u00e9e ou \u00e0 un profilage<\/p>\n\n<p>sujet. Nous ne traitons pas vos donn\u00e9es de mani\u00e8re \u00e0 ce que cette loi s&rsquo;applique. Vous \u00eates de  <\/p>\n\n<p>Si vous estimez que c&rsquo;est le cas, veuillez contacter notre personne de contact pour la protection de la vie priv\u00e9e.<\/p>\n\n<h2 class=\"wp-block-heading\">Cookies<\/h2>\n\n<p><strong>Google Analytics<\/strong><\/p>\n\n<p>Sur notre site web, des cookies sont install\u00e9s par la soci\u00e9t\u00e9 am\u00e9ricaine Google, dans le cadre du service \"Analytics\".<\/p>\n\n<p>Nous utilisons ce service pour suivre et obtenir des rapports sur la fa\u00e7on dont les visiteurs utilisent le site web.<\/p>\n\n<p>Ce processeur peut \u00eatre tenu, en vertu des lois et r\u00e9glementations applicables, de divulguer ces informations.<\/p>\n\n<p>donn\u00e9es. Nous recueillons des informations sur votre comportement de navigation et les transmettons \u00e0 Google. Google peut utiliser ces  <\/p>\n\n<p>Interpr\u00e9ter les informations en conjonction avec d&rsquo;autres ensembles de donn\u00e9es, et donc vos d\u00e9placements sur l&rsquo;internet.<\/p>\n\n<p>le suivi. Google utilise ces informations pour proposer des annonces cibl\u00e9es (Adwords) et des services d&rsquo;aide \u00e0 la d\u00e9cision. <\/p>\n\n<p>d&rsquo;autres services et produits Google.<\/p>\n\n<p><strong>Cookies de tiers<\/strong><\/p>\n\n<p>Si des solutions logicielles de tiers utilisent des cookies, cela est indiqu\u00e9 dans ces solutions.<\/p>\n\n<p>d\u00e9claration de confidentialit\u00e9.<\/p>\n\n<h2 class=\"wp-block-heading\">Modifications de la politique de confidentialit\u00e9<\/h2>\n\n<p>Nous nous r\u00e9servons le droit de modifier notre politique de confidentialit\u00e9 \u00e0 tout moment. Toutefois, vous trouverez toujours sur cette page les informations les plus r\u00e9centes sur la protection de la vie priv\u00e9e. <\/p>\n\n<p>version r\u00e9cente. Si la nouvelle politique de confidentialit\u00e9 affecte la mani\u00e8re dont nous collectons d\u00e9j\u00e0 les donn\u00e9es de la <\/p>\n\n<p>en ce qui vous concerne, nous vous en informerons par e-mail.<\/p>\n\n<h2 class=\"wp-block-heading\">Coordonn\u00e9es de la personne \u00e0 contacter<\/h2>\n\n<p><strong>Lumore<\/strong><\/p>\n\n<p>Verbreepark 5L1 5L1 Benthuizen Pays-Bas T (085) 301-6460 E info@Lumore.nl<\/p>\n\n<p><strong>Contact pour les questions de confidentialit\u00e9 :<\/strong><\/p>\n\n<p>info@Lumore.nl<\/p>\n\n<p><\/p>\n","protected":false},"excerpt":{"rendered":"<p>https:\/\/Lumore.nl A propos de notre politique de confidentialit\u00e9 Lumore se pr\u00e9occupe beaucoup de votre vie priv\u00e9e. C&rsquo;est pourquoi nous ne traitons que les donn\u00e9es dont nous avons besoin (la am\u00e9liorer) nos services et traiter les informations que nous recueillons \u00e0 votre sujet et l&rsquo;utilisation que vous faites de nos services. que nos services ont collect\u00e9es. [&hellip;]<\/p>\n","protected":false},"author":1,"featured_media":0,"parent":0,"menu_order":0,"comment_status":"closed","ping_status":"closed","template":"","meta":{"footnotes":""},"class_list":["post-1891","page","type-page","status-publish","hentry"],"blocksy_meta":[],"aioseo_notices":[],"jetpack_sharing_enabled":true,"_links":{"self":[{"href":"https:\/\/lumore.nl\/fr\/wp-json\/wp\/v2\/pages\/1891","targetHints":{"allow":["GET"]}}],"collection":[{"href":"https:\/\/lumore.nl\/fr\/wp-json\/wp\/v2\/pages"}],"about":[{"href":"https:\/\/lumore.nl\/fr\/wp-json\/wp\/v2\/types\/page"}],"author":[{"embeddable":true,"href":"https:\/\/lumore.nl\/fr\/wp-json\/wp\/v2\/users\/1"}],"replies":[{"embeddable":true,"href":"https:\/\/lumore.nl\/fr\/wp-json\/wp\/v2\/comments?post=1891"}],"version-history":[{"count":1,"href":"https:\/\/lumore.nl\/fr\/wp-json\/wp\/v2\/pages\/1891\/revisions"}],"predecessor-version":[{"id":1892,"href":"https:\/\/lumore.nl\/fr\/wp-json\/wp\/v2\/pages\/1891\/revisions\/1892"}],"wp:attachment":[{"href":"https:\/\/lumore.nl\/fr\/wp-json\/wp\/v2\/media?parent=1891"}],"curies":[{"name":"wp","href":"https:\/\/api.w.org\/{rel}","templated":true}]}}