{"id":3699,"date":"2025-03-08T23:46:14","date_gmt":"2025-03-08T22:46:14","guid":{"rendered":"https:\/\/lumore.nl\/politica-de-privacidad\/"},"modified":"2025-12-09T17:02:11","modified_gmt":"2025-12-09T16:02:11","slug":"politica-de-privacidad","status":"publish","type":"page","link":"https:\/\/lumore.nl\/es\/politica-de-privacidad\/","title":{"rendered":"Pol\u00edtica de privacidad"},"content":{"rendered":"\n<p><a href=\"https:\/\/Lumore.nl\">https:\/\/Lumore.nl<\/a><\/p>\n\n<h2 class=\"wp-block-heading\"><strong>Acerca de nuestra pol\u00edtica de privacidad<\/strong><\/h2>\n\n<p>Lumore se preocupa profundamente por tu privacidad. Por ello, s\u00f3lo procesamos los datos que necesitamos para (la <\/p>\n\n<p>mejorar) nuestros servicios y tratar la informaci\u00f3n que recopilamos sobre ti y tu uso de<\/p>\n\n<p>que nuestros servicios han recopilado. Nunca facilitamos tus datos con fines comerciales a <\/p>\n\n<p>terceros.<\/p>\n\n<p>Esta pol\u00edtica de privacidad se aplica al uso del sitio web y de los servicios a los que se accede en \u00e9l por parte de<\/p>\n\n<p>Lumore. La fecha efectiva de validez de estas condiciones es el 15\/04\/2025, con la publicaci\u00f3n de un <\/p>\n\n<p>la nueva versi\u00f3n caduca la validez de todas las versiones anteriores. Esta pol\u00edtica de privacidad describe qu\u00e9 datos sobre ti <\/p>\n\n<p>son recogidos por nosotros, para qu\u00e9 se utilizan estos datos y con qui\u00e9n y en qu\u00e9 condiciones<\/p>\n\n<p>es posible que estos datos se compartan con terceros. Tambi\u00e9n te explicaremos c\u00f3mo compartimos tus <\/p>\n\n<p>datos y c\u00f3mo protegemos tus datos contra el uso indebido y qu\u00e9 derechos tienes en relaci\u00f3n con<\/p>\n\n<p>los datos personales que nos hayas facilitado.<\/p>\n\n<p>Si tienes alguna pregunta sobre nuestra pol\u00edtica de privacidad, ponte en contacto con nuestro contacto de privacidad, u<\/p>\n\n<p>Encontrar\u00e1s los datos de contacto al final de nuestra pol\u00edtica de privacidad.<\/p>\n\n<h2 class=\"wp-block-heading\">Acerca del tratamiento de datos<\/h2>\n\n<p>A continuaci\u00f3n puedes leer c\u00f3mo procesamos tus datos, d\u00f3nde los almacenamos (o hacemos que se almacenen), qu\u00e9<\/p>\n\n<p>las t\u00e9cnicas de seguridad que utilizamos y a qui\u00e9n pueden consultarse los datos.<\/p>\n\n<p><strong>Software de tienda virtual<\/strong><\/p>\n\n<p><strong>WooCommerce<\/strong><\/p>\n\n<p>Nuestra tienda online est\u00e1 desarrollada con el software WooCommerce. Los datos personales que proporciones en nombre de nuestra <\/p>\n\n<p>servicios puestos a nuestra disposici\u00f3n se comparten con esta parte. WooCommerce tiene acceso a tu <\/p>\n\n<p>para proporcionarnos asistencia (t\u00e9cnica), nunca utilizar\u00e1n tus datos para ning\u00fan otro fin.<\/p>\n\n<p>finalidad. WooCommerce est\u00e1 obligado, en virtud del acuerdo que tenemos con ellos, a proporcionar a <\/p>\n\n<p>adoptar medidas de seguridad. Estas medidas de seguridad consisten en la aplicaci\u00f3n de encriptaci\u00f3n SSL y <\/p>\n\n<p>una pol\u00edtica de contrase\u00f1as segura. WooCommerce utiliza cookies para recopilar informaci\u00f3n t\u00e9cnica <\/p>\n\n<p>relacionados con tu uso del software, no se recogen ni almacenan datos personales.<\/p>\n\n<p>WooCommerce se reserva el derecho de compartir los datos recogidos dentro de su propio grupo con el fin de mejorar la<\/p>\n\n<p>mejorar a\u00fan m\u00e1s los servicios.<\/p>\n\n<p><strong>Alojamiento WooCommerce<\/strong><\/p>\n\n<p>Nuestra tienda online est\u00e1 desarrollada con el software WooCommerce, que elegimos para nuestro alojamiento web<\/p>\n\n<p>AndersStrato. Los datos personales que pongas a nuestra disposici\u00f3n a efectos de nuestros servicios ser\u00e1n <\/p>\n\n<p>compartidos con esta parte. AndersStrato tiene acceso a tus datos para proporcionarnos soporte (t\u00e9cnico) <\/p>\n\n<p>oferta, nunca utilizar\u00e1n tus datos para ning\u00fan otro fin. Bas\u00e1ndose en el acuerdo, AndersStrato es <\/p>\n\n<p>que hemos suscrito con ellos nos obliga a tomar las medidas de seguridad adecuadas. Este <\/p>\n\n<p>Las medidas de seguridad incluyen el uso de encriptaci\u00f3n SSL y una pol\u00edtica de contrase\u00f1as segura. Existen <\/p>\n\n<p>Realiza copias de seguridad peri\u00f3dicas para evitar la p\u00e9rdida de datos.<\/p>\n\n<h2 class=\"wp-block-heading\">Alojamiento web  <\/h2>\n\n<p><strong>Strato<\/strong><\/p>\n\n<p>Contratamos los servicios de alojamiento web y correo electr\u00f3nico de Stratp. Strato procesa datos personales en nuestro nombre y <\/p>\n\n<p>no utiliza tus datos para sus propios fines. Sin embargo, esta parte puede recopilar metadatos sobre el uso <\/p>\n\n<p>de los servicios. No se trata de datos personales. Strato dispone de los medios t\u00e9cnicos y organizativos adecuados  <\/p>\n\n<p>las medidas adoptadas para evitar la p\u00e9rdida y el uso no autorizado de tus datos personales. Strato est\u00e1 en <\/p>\n\n<p>obligados a mantener la confidencialidad en virtud del acuerdo.<\/p>\n\n<h2 class=\"wp-block-heading\">Correo electr\u00f3nico y listas de correo<\/h2>\n\n<p><strong>Strato<\/strong><\/p>\n\n<p>Utilizamos los servicios de Strato para nuestro tr\u00e1fico habitual de correo electr\u00f3nico comercial. Esta parte tiene <\/p>\n\n<p>tomado las medidas t\u00e9cnicas y organizativas adecuadas para evitar el uso indebido, la p\u00e9rdida y la corrupci\u00f3n de tus datos y los nuestros<\/p>\n\n<p>datos en la medida de lo posible. Strato no tiene acceso a nuestro buz\u00f3n de correo y nosotros gestionamos todos nuestros e- <\/p>\n\n<p>tr\u00e1fico de correo confidencial.<\/p>\n\n<h2 class=\"wp-block-heading\">Procesadores de pagos<\/h2>\n\n<p><strong>Raya<\/strong><\/p>\n\n<p>Utilizamos la plataforma de<\/p>\n\n<p>Stripe. Stripe procesa tu nombre, direcci\u00f3n y datos de residencia y tus datos de pago, como tu <\/p>\n\n<p>cuenta bancaria o n\u00famero de tarjeta de cr\u00e9dito. Stripe cuenta con las medidas t\u00e9cnicas y organizativas adecuadas <\/p>\n\n<p>tomadas para proteger tus datos personales. Stripe se reserva el derecho a revelar tus datos a <\/p>\n\n<p>utilizar para seguir mejorando el servicio y, como parte de ello, compartir datos (anonimizados) con<\/p>\n\n<p>compartir con terceros. Acciones de Stripe en el caso de una solicitud de pago aplazado (l\u00ednea de cr\u00e9dito) <\/p>\n\n<p>datos personales e informaci\u00f3n relativa a tu situaci\u00f3n financiera con agencias de calificaci\u00f3n crediticia. Todo lo anterior <\/p>\n\n<p>garant\u00edas mencionadas relativas a la protecci\u00f3n de tus datos personales son tambi\u00e9n de<\/p>\n\n<p>se aplican a aquellas partes de los servicios de Stripe para los que contrata a terceros. Raya<\/p>\n\n<p>no conservar\u00e1 tus datos durante m\u00e1s tiempo del permitido por los plazos legales.<\/p>\n\n<h2 class=\"wp-block-heading\">Env\u00edos y log\u00edstica<\/h2>\n\n<p><strong>DHL<\/strong><\/p>\n\n<p>Cuando nos haces un pedido, nuestro trabajo consiste en entregarte el paquete. Utilizamos <\/p>\n\n<p>Los servicios de DHL para realizar las entregas. Para ello es necesario que nos facilites tu nombre, direcci\u00f3n <\/p>\n\n<p>y lugar de residencia con DHL. DHL s\u00f3lo utiliza estos datos con el fin de llevar a cabo la <\/p>\n\n<p>acuerdo. En caso de que DHL contrate a subcontratistas, DHL tambi\u00e9n pondr\u00e1 tus datos a disposici\u00f3n de estas partes. <\/p>\n\n<p>disposici\u00f3n.<\/p>\n\n<h2 class=\"wp-block-heading\">Canales de venta externos<\/h2>\n\n<p><strong>Vinted<\/strong><\/p>\n\n<p>Vendemos (algunos de) nuestros art\u00edculos a trav\u00e9s de la plataforma de Vinted. Si compras un <\/p>\n\n<p>pedido, entonces Vinted comparte tu pedido y tus datos personales con nosotros. Utilizamos estos datos <\/p>\n\n<p>para gestionar tu pedido. Tratamos tus datos confidencialmente y disponemos de los medios t\u00e9cnicos y <\/p>\n\n<p>tomado medidas organizativas para proteger tus datos contra la p\u00e9rdida y el uso no autorizado.<\/p>\n\n<h2 class=\"wp-block-heading\">Finalidad del tratamiento de datos<\/h2>\n\n<p><strong>Finalidad general del tratamiento<\/strong><\/p>\n\n<p>Utilizamos tus datos exclusivamente para la finalidad de nuestros servicios. Es decir, la finalidad del <\/p>\n\n<p>El procesamiento siempre est\u00e1 directamente relacionado con el pedido que nos facilitas. No utilizaremos tus datos para <\/p>\n\n<p>marketing (dirigido). Si compartes datos con nosotros y utilizamos estos datos para &#8211; que no sean sobre tu <\/p>\n\n<p>solicitud- para ponernos en contacto contigo m\u00e1s adelante, te pediremos permiso expl\u00edcito para hacerlo. Tu <\/p>\n\n<p>Los datos no se compartir\u00e1n con terceros, salvo para cumplir los requisitos contables y otros requisitos administrativos.<\/p>\n\n<p>obligaciones. Todos estos terceros est\u00e1n obligados a la confidencialidad en virtud del acuerdo <\/p>\n\n<p>entre ellos y nosotros o un juramento u obligaci\u00f3n legal.<\/p>\n\n<p><strong>Datos recogidos autom\u00e1ticamente<\/strong><\/p>\n\n<p>Los datos recogidos autom\u00e1ticamente por nuestro sitio web se tratan con el fin de procesar nuestros<\/p>\n\n<p>mejorar a\u00fan m\u00e1s los servicios. Estos datos (por ejemplo, tu direcci\u00f3n IP, navegador web y<\/p>\n\n<p>sistema operativo) no son datos personales.<\/p>\n\n<p><strong>Cooperaci\u00f3n en investigaciones fiscales y penales<\/strong><\/p>\n\n<p>Cuando proceda, la ley puede obligar a Lumore a compartir<\/p>\n\n<p>de tus datos en relaci\u00f3n con investigaciones fiscales o penales del gobierno. En tal caso <\/p>\n\n<p>nos vemos obligados a compartir tus datos, pero lo haremos, dentro de las posibilidades que nos ofrece la ley<\/p>\n\n<p>oponi\u00e9ndose.<\/p>\n\n<p><strong>Periodos de conservaci\u00f3n<\/strong><\/p>\n\n<p>Conservamos tus datos mientras seas nuestro cliente. Esto significa que conservamos tu perfil de cliente hasta que <\/p>\n\n<p>indicar que ya no deseas utilizar nuestros servicios. Si nos lo indicas, nosotros <\/p>\n\n<p>tambi\u00e9n se interpretar\u00e1 como una solicitud de olvido. Esto tambi\u00e9n significa que no conservaremos tus datos durante m\u00e1s de dos a\u00f1os <\/p>\n\n<p>desde el \u00faltimo momento del contacto o transacci\u00f3n, a menos que exista una justificaci\u00f3n legal para hacerlo.<\/p>\n\n<p>base. En virtud de las obligaciones administrativas aplicables, debemos emitir facturas que contengan tus <\/p>\n\n<p>(personales), conservaremos estos datos mientras dure el plazo aplicable.<\/p>\n\n<p>Sin embargo, los empleados dejar\u00e1n de tener acceso a tu perfil de cliente y a los documentos que recibamos en respuesta a<\/p>\n\n<p>han fabricado tu pedido.<\/p>\n\n<h2 class=\"wp-block-heading\"><strong>Tus derechos<\/strong><\/h2>\n\n<p>En virtud de la legislaci\u00f3n neerlandesa y europea aplicable, como interesado tienes ciertos derechos con<\/p>\n\n<p>relativos a los datos personales tratados por nosotros o en nuestro nombre. A continuaci\u00f3n explicamos <\/p>\n\n<p>cu\u00e1les son estos derechos y c\u00f3mo invocarlos. En principio, para evitar abusos, enviamos <\/p>\n\n<p>declaraciones y copias de tus datos s\u00f3lo a tu direcci\u00f3n de correo electr\u00f3nico que ya conozcamos. En caso de que env\u00edes el <\/p>\n\n<p>datos a otra direcci\u00f3n de correo electr\u00f3nico o, por ejemplo, por correo postal, te pediremos que te suscribas a<\/p>\n\n<p>identificar. Conservamos registros de las solicitudes completadas, en caso de olvido de la solicitud <\/p>\n\n<p>administramos datos an\u00f3nimos. Todas las transcripciones y copias de datos se recibir\u00e1n en el <\/p>\n\n<p>formato de datos legible por m\u00e1quina que utilizamos en nuestros sistemas. Tienes derecho a solicitar en cualquier momento una <\/p>\n\n<p>presentar una reclamaci\u00f3n ante la Autoridad de Datos Personales si sospechas que hemos utilizado tus datos personales de una manera<\/p>\n\n<p>utilizar de forma incorrecta.<\/p>\n\n<p><strong>Derecho de inspecci\u00f3n<\/strong><\/p>\n\n<p>Siempre tienes derecho a solicitar los datos que procesamos (o hemos procesado) relacionados con tu persona o<\/p>\n\n<p>sean rastreables hasta ella, para que sean inspeccionados. Puedes presentar una solicitud en este sentido a nuestra persona de contacto para <\/p>\n\n<p>cuestiones de privacidad. Recibir\u00e1s una respuesta a tu solicitud en un plazo de 30 d\u00edas. Si se acepta tu solicitud  <\/p>\n\n<p>te enviaremos una copia de todos los datos con una lista de los encargados del tratamiento a la direcci\u00f3n de correo electr\u00f3nico que conozcamos<\/p>\n\n<p>que poseen estos datos, indicando la categor\u00eda en la que los hemos almacenado.<\/p>\n\n<p><strong>Derecho de rectificaci\u00f3n<\/strong><\/p>\n\n<p>Siempre tienes derecho a solicitar los datos que procesamos (o hemos procesado) relacionados con tu persona o<\/p>\n\n<p>son rastreables hasta ella, para que la modifiquemos. Puedes presentar una solicitud en este sentido a nuestra persona de contacto <\/p>\n\n<p>por cuestiones de privacidad. Recibir\u00e1s una respuesta a tu solicitud en un plazo de 30 d\u00edas. Si se acepta tu solicitud  <\/p>\n\n<p>te enviaremos una confirmaci\u00f3n a la direcci\u00f3n de correo electr\u00f3nico que conozcamos de que los datos han sido actualizados.<\/p>\n\n<p><strong>Derecho a la limitaci\u00f3n del tratamiento<\/strong><\/p>\n\n<p>Siempre tienes derecho a solicitar los datos que tratamos (o hemos tratado) relacionados con tu persona o para ese fin<\/p>\n\n<p>sean rastreables, para limitarlas. Puedes presentar una solicitud en este sentido a nuestra persona de contacto para <\/p>\n\n<p>cuestiones de privacidad. Recibir\u00e1s una respuesta a tu solicitud en un plazo de 30 d\u00edas. Si se acepta tu solicitud  <\/p>\n\n<p>te enviaremos una confirmaci\u00f3n a la direcci\u00f3n de correo electr\u00f3nico que conozcamos de que los datos hasta que levantes la restricci\u00f3n no est\u00e1n<\/p>\n\n<p>ya no se procesan.<\/p>\n\n<p><strong>Derecho de transmisibilidad<\/strong><\/p>\n\n<p>Siempre tienes derecho a solicitar los datos que procesamos (o hemos procesado) relacionados con tu persona o<\/p>\n\n<p>sean rastreables hasta ella, por otra parte. Puedes presentar una solicitud en este sentido a <\/p>\n\n<p>nuestro contacto de privacidad. Recibir\u00e1s una respuesta a tu solicitud en un plazo de 30 d\u00edas. Si tu  <\/p>\n\n<p>solicitud sea concedida, te enviaremos copias o duplicados de todos los datos a la direcci\u00f3n de correo electr\u00f3nico que conozcamos<\/p>\n\n<p>sobre ti que hayamos procesado o que otros procesadores o terceros hayan procesado en nuestro nombre. A todos <\/p>\n\n<p>probabilidad de que, en tal caso, ya no podamos seguir prestando servicios porque el seguro<\/p>\n\n<p>Entonces ya no se puede garantizar la vinculaci\u00f3n de los archivos de datos.<\/p>\n\n<p><strong>Derecho de oposici\u00f3n y otros derechos<\/strong><\/p>\n\n<p>Tienes derecho, en su caso, a oponerte al tratamiento de tus datos personales<\/p>\n\n<p>por Lumore o en su nombre. Si te opones, cesaremos inmediatamente el tratamiento de los datos en <\/p>\n\n<p>a la espera de la resoluci\u00f3n de tu objeci\u00f3n. Si tu objeci\u00f3n es fundada, te facilitaremos copias y\/o <\/p>\n\n<p>de los datos que procesamos (o hemos procesado) y, a continuaci\u00f3n, dejar de procesarlos de forma permanente. U <\/p>\n\n<p>adem\u00e1s, tiene derecho a no ser sometido a decisiones individuales automatizadas ni a la elaboraci\u00f3n de perfiles<\/p>\n\n<p>sujeto. No procesamos tus datos de forma que se aplique esta ley. \u00bfEres de  <\/p>\n\n<p>opini\u00f3n de que s\u00ed, ponte en contacto con nuestro contacto de privacidad.<\/p>\n\n<h2 class=\"wp-block-heading\">Cookies<\/h2>\n\n<p><strong>Google Analytics<\/strong><\/p>\n\n<p>A trav\u00e9s de nuestro sitio web, la empresa estadounidense Google instala cookies como parte del servicio \"Analytics\".<\/p>\n\n<p>Utilizamos este servicio para rastrear y obtener informes sobre c\u00f3mo utilizan el sitio web los visitantes.<\/p>\n\n<p>Este procesador puede estar obligado, en virtud de las leyes y normativas aplicables, a revelar estos<\/p>\n\n<p>datos. Recopilamos informaci\u00f3n sobre tu comportamiento de navegaci\u00f3n y compartimos estos datos con Google. Google puede utilizar estos datos  <\/p>\n\n<p>Interpretar la informaci\u00f3n en conjunci\u00f3n con otros conjuntos de datos, y de este modo tus movimientos en Internet<\/p>\n\n<p>seguimiento. Google utiliza esta informaci\u00f3n para ofrecer anuncios orientados (Adwords) y <\/p>\n\n<p>otros servicios y productos de Google.<\/p>\n\n<p><strong>Cookies de terceros<\/strong><\/p>\n\n<p>En caso de que las soluciones de software de terceros utilicen cookies, se indicar\u00e1 en las mismas<\/p>\n\n<p>declaraci\u00f3n de privacidad.<\/p>\n\n<h2 class=\"wp-block-heading\">Cambios en la pol\u00edtica de privacidad<\/h2>\n\n<p>Nos reservamos el derecho a modificar nuestra pol\u00edtica de privacidad en cualquier momento. Sin embargo, en esta p\u00e1gina siempre encontrar\u00e1s la informaci\u00f3n m\u00e1s <\/p>\n\n<p>versi\u00f3n reciente. Si la nueva pol\u00edtica de privacidad afecta a la forma en que ya recogemos <\/p>\n\n<p>en relaci\u00f3n contigo, te lo notificaremos por correo electr\u00f3nico.<\/p>\n\n<h2 class=\"wp-block-heading\">Datos de contacto<\/h2>\n\n<p><strong>Lumore<\/strong><\/p>\n\n<p>Verbreepark 5L1 5L1 Benthuizen Pa\u00edses Bajos T (085) 301-6460 E info@Lumore.nl<\/p>\n\n<p><strong>Contacto para cuestiones de privacidad:<\/strong><\/p>\n\n<p>info@Lumore.nl<\/p>\n\n<p><\/p>\n","protected":false},"excerpt":{"rendered":"<p>https:\/\/Lumore.nl Acerca de nuestra pol\u00edtica de privacidad Lumore se preocupa profundamente por tu privacidad. Por ello, s\u00f3lo procesamos los datos que necesitamos para (la mejorar) nuestros servicios y tratar la informaci\u00f3n que recopilamos sobre ti y tu uso de que nuestros servicios han recopilado. Nunca facilitamos tus datos con fines comerciales a terceros. Esta pol\u00edtica [&hellip;]<\/p>\n","protected":false},"author":1,"featured_media":0,"parent":0,"menu_order":0,"comment_status":"closed","ping_status":"closed","template":"","meta":{"footnotes":""},"class_list":["post-3699","page","type-page","status-publish","hentry"],"blocksy_meta":[],"aioseo_notices":[],"jetpack_sharing_enabled":true,"_links":{"self":[{"href":"https:\/\/lumore.nl\/es\/wp-json\/wp\/v2\/pages\/3699","targetHints":{"allow":["GET"]}}],"collection":[{"href":"https:\/\/lumore.nl\/es\/wp-json\/wp\/v2\/pages"}],"about":[{"href":"https:\/\/lumore.nl\/es\/wp-json\/wp\/v2\/types\/page"}],"author":[{"embeddable":true,"href":"https:\/\/lumore.nl\/es\/wp-json\/wp\/v2\/users\/1"}],"replies":[{"embeddable":true,"href":"https:\/\/lumore.nl\/es\/wp-json\/wp\/v2\/comments?post=3699"}],"version-history":[{"count":1,"href":"https:\/\/lumore.nl\/es\/wp-json\/wp\/v2\/pages\/3699\/revisions"}],"predecessor-version":[{"id":3700,"href":"https:\/\/lumore.nl\/es\/wp-json\/wp\/v2\/pages\/3699\/revisions\/3700"}],"wp:attachment":[{"href":"https:\/\/lumore.nl\/es\/wp-json\/wp\/v2\/media?parent=3699"}],"curies":[{"name":"wp","href":"https:\/\/api.w.org\/{rel}","templated":true}]}}