{"id":3193,"date":"2025-04-15T09:59:29","date_gmt":"2025-04-15T08:59:29","guid":{"rendered":"https:\/\/lumore.nl\/devuelve\/"},"modified":"2026-01-26T17:28:21","modified_gmt":"2026-01-26T16:28:21","slug":"devuelve","status":"publish","type":"page","link":"https:\/\/lumore.nl\/es\/devuelve\/","title":{"rendered":"Devuelve"},"content":{"rendered":"\n<div class=\"wp-block-stackable-text stk-block-text stk-block stk-ae9bac8\" data-block-id=\"ae9bac8\"><p class=\"stk-block-text__text\">Tienes derecho a anular tu pedido hasta 14 d\u00edas despu\u00e9s de recibirlo sin dar ninguna raz\u00f3n. Dispondr\u00e1s de otros 14 d\u00edas para devolver tu producto despu\u00e9s de la cancelaci\u00f3n. Entonces se te abonar\u00e1 el importe total del pedido, incluidos los gastos de env\u00edo. <strong>S\u00f3lo corren de tu cuenta los gastos de devoluci\u00f3n desde tu domicilio hasta la tienda<\/strong>. Si ejerces tu derecho de desistimiento, el producto se devolver\u00e1 al empresario con todos los accesorios entregados y -si es razonablemente posible- en su estado y embalaje originales. Para ejercer este derecho, <strong>ponte en contacto con nosotros en info@Lumore.nl o utiliza el formulario que aparece a continuaci\u00f3n<\/strong> o descarga el <a href=\"https:\/\/lumore.nl\/wp-content\/uploads\/2025\/04\/Retourformulier.pdf\" title=\"\">Formulario de devoluci\u00f3n<\/a>. Te reembolsaremos el importe del pedido en un plazo de 14 d\u00edas a partir de la notificaci\u00f3n de tu devoluci\u00f3n, siempre que el producto se haya recibido en buen estado.     <\/p><\/div>\n\n<div class=\"wp-block-group alignfull has-background-background-color has-background is-layout-constrained wp-block-group-is-layout-constrained\" style=\"margin-top:0;margin-bottom:0;padding-top:var(--wp--preset--spacing--60);padding-bottom:var(--wp--preset--spacing--60)\">\n<div class=\"wp-block-columns alignwide are-vertically-aligned-center is-layout-flex wp-container-core-columns-is-layout-f3a7ff92 wp-block-columns-is-layout-flex\" style=\"border-radius:1.5rem\">\n<div class=\"wp-block-column is-vertically-aligned-center is-layout-flow wp-block-column-is-layout-flow\" style=\"flex-basis:40%\"><\/div>\n\n\n\n<div class=\"wp-block-column is-vertically-aligned-center is-layout-flow wp-block-column-is-layout-flow\" style=\"flex-basis:50%\">\n<div class=\"wp-block-group is-content-justification-left is-layout-constrained wp-container-core-group-is-layout-cdff7eec wp-block-group-is-layout-constrained\" style=\"padding-top:var(--wp--preset--spacing--30);padding-right:0;padding-bottom:var(--wp--preset--spacing--30);padding-left:0\">\n<h2 class=\"wp-block-heading\" style=\"margin-top:12px\">Formulario de devoluci\u00f3n<\/h2>\n<\/div>\n<\/div>\n<\/div>\n<\/div>\n<div class=\"wpforms-container wpforms-block wpforms-block-028d77b9-3743-4d66-bf1e-da47d8335900 wpforms-render-modern\" id=\"wpforms-1509\"><form id=\"wpforms-form-1509\" class=\"wpforms-validate wpforms-form wpforms-ajax-form\" data-formid=\"1509\" method=\"post\" enctype=\"multipart\/form-data\" action=\"\/es\/wp-json\/wp\/v2\/pages\/3193\" data-token=\"86aedd2d3c540f47d994936e82c9f1e1\" data-token-time=\"1778297889\"><noscript class=\"wpforms-error-noscript\">Por favor, activa JavaScript en tu navegador para completar este formulario.<\/noscript><div id=\"wpforms-error-noscript\" style=\"display: none;\">Por favor, activa JavaScript en tu navegador para completar este formulario.<\/div><div class=\"wpforms-field-container\"><div id=\"wpforms-1509-field_1-container\" class=\"wpforms-field wpforms-field-name\" data-field-id=\"1\"><fieldset><legend class=\"wpforms-field-label\">Naam <span class=\"wpforms-required-label\" aria-hidden=\"true\">*<\/span><\/legend><div class=\"wpforms-field-row wpforms-field-medium\"><div class=\"wpforms-field-row-block wpforms-first wpforms-one-half\"><input type=\"text\" id=\"wpforms-1509-field_1\" class=\"wpforms-field-name-first wpforms-field-required\" name=\"wpforms[fields][1][first]\" aria-errormessage=\"wpforms-1509-field_1-error\" required><label for=\"wpforms-1509-field_1\" class=\"wpforms-field-sublabel after\">Nombre<\/label><\/div><div class=\"wpforms-field-row-block wpforms-one-half\"><input type=\"text\" id=\"wpforms-1509-field_1-last\" class=\"wpforms-field-name-last wpforms-field-required\" name=\"wpforms[fields][1][last]\" aria-errormessage=\"wpforms-1509-field_1-last-error\" required><label for=\"wpforms-1509-field_1-last\" class=\"wpforms-field-sublabel after\">Apellidos<\/label><\/div><\/div><\/fieldset><\/div>\t\t<div id=\"wpforms-1509-field_4-container\"\n\t\t\tclass=\"wpforms-field wpforms-field-text\"\n\t\t\tdata-field-type=\"text\"\n\t\t\tdata-field-id=\"4\"\n\t\t\t>\n\t\t\t<label class=\"wpforms-field-label\" for=\"wpforms-1509-field_4\" >retour Reden van<\/label>\n\t\t\t<input type=\"text\" id=\"wpforms-1509-field_4\" class=\"wpforms-field-medium\" name=\"wpforms[fields][4]\" >\n\t\t<\/div>\n\t\t<div id=\"wpforms-1509-field_2-container\" class=\"wpforms-field wpforms-field-email\" data-field-id=\"2\"><label class=\"wpforms-field-label\" for=\"wpforms-1509-field_2\">E-mail <span class=\"wpforms-required-label\" aria-hidden=\"true\">*<\/span><\/label><input type=\"email\" id=\"wpforms-1509-field_2\" class=\"wpforms-field-medium wpforms-field-required\" name=\"wpforms[fields][2]\" spellcheck=\"false\" aria-errormessage=\"wpforms-1509-field_2-error\" required><\/div><div id=\"wpforms-1509-field_5-container\" class=\"wpforms-field wpforms-field-number\" data-field-id=\"5\"><label class=\"wpforms-field-label\" for=\"wpforms-1509-field_5\">Order Nummer <span class=\"wpforms-required-label\" aria-hidden=\"true\">*<\/span><\/label><input type=\"number\" id=\"wpforms-1509-field_5\" class=\"wpforms-field-medium wpforms-field-required\" name=\"wpforms[fields][5]\" step=\"any\" aria-errormessage=\"wpforms-1509-field_5-error\" required><\/div><div id=\"wpforms-1509-field_3-container\" class=\"wpforms-field wpforms-field-textarea\" data-field-id=\"3\"><label class=\"wpforms-field-label\" for=\"wpforms-1509-field_3\">Reden van retour (Optioneel)<\/label><textarea id=\"wpforms-1509-field_3\" class=\"wpforms-field-medium\" name=\"wpforms[fields][3]\" aria-errormessage=\"wpforms-1509-field_3-error\" ><\/textarea><\/div><script>\n\t\t\t\t( function() {\n\t\t\t\t\tconst style = document.createElement( 'style' );\n\t\t\t\t\tstyle.appendChild( document.createTextNode( '#wpforms-1509-field_4-container { position: absolute !important; overflow: hidden !important; display: inline !important; height: 1px !important; width: 1px !important; z-index: -1000 !important; padding: 0 !important; } #wpforms-1509-field_4-container input { visibility: hidden; } #wpforms-conversational-form-page #wpforms-1509-field_4-container label { counter-increment: none; }' ) );\n\t\t\t\t\tdocument.head.appendChild( style );\n\t\t\t\t\tdocument.currentScript?.remove();\n\t\t\t\t} )();\n\t\t\t<\/script><\/div><!-- .wpforms-field-container --><div class=\"wpforms-submit-container\" ><input type=\"hidden\" name=\"wpforms[id]\" value=\"1509\"><input type=\"hidden\" name=\"page_title\" value=\"\"><input type=\"hidden\" name=\"page_url\" value=\"https:\/\/lumore.nl\/es\/wp-json\/wp\/v2\/pages\/3193\"><input type=\"hidden\" name=\"url_referer\" value=\"\"><button type=\"submit\" name=\"wpforms[submit]\" id=\"wpforms-submit-1509\" class=\"wpforms-submit\" data-alt-text=\"Verzenden...\" data-submit-text=\"Verzend\" aria-live=\"assertive\" value=\"wpforms-submit\">Verzend<\/button><img loading=\"lazy\" decoding=\"async\" src=\"https:\/\/lumore.nl\/wp-content\/plugins\/wpforms-lite\/assets\/images\/submit-spin.svg\" class=\"wpforms-submit-spinner\" style=\"display: none;\" width=\"26\" height=\"26\" alt=\"Cargando\"><\/div><\/form><\/div>  <!-- .wpforms-container -->","protected":false},"excerpt":{"rendered":"<p>Tienes derecho a anular tu pedido hasta 14 d\u00edas despu\u00e9s de recibirlo sin dar ninguna raz\u00f3n. Dispondr\u00e1s de otros 14 d\u00edas para devolver tu producto despu\u00e9s de la cancelaci\u00f3n. Entonces se te abonar\u00e1 el importe total del pedido, incluidos los gastos de env\u00edo. S\u00f3lo corren de tu cuenta los gastos de devoluci\u00f3n desde tu domicilio [&hellip;]<\/p>\n","protected":false},"author":1,"featured_media":0,"parent":0,"menu_order":0,"comment_status":"closed","ping_status":"closed","template":"","meta":{"footnotes":""},"class_list":["post-3193","page","type-page","status-publish","hentry"],"blocksy_meta":[],"aioseo_notices":[],"jetpack_sharing_enabled":true,"_links":{"self":[{"href":"https:\/\/lumore.nl\/es\/wp-json\/wp\/v2\/pages\/3193","targetHints":{"allow":["GET"]}}],"collection":[{"href":"https:\/\/lumore.nl\/es\/wp-json\/wp\/v2\/pages"}],"about":[{"href":"https:\/\/lumore.nl\/es\/wp-json\/wp\/v2\/types\/page"}],"author":[{"embeddable":true,"href":"https:\/\/lumore.nl\/es\/wp-json\/wp\/v2\/users\/1"}],"replies":[{"embeddable":true,"href":"https:\/\/lumore.nl\/es\/wp-json\/wp\/v2\/comments?post=3193"}],"version-history":[{"count":5,"href":"https:\/\/lumore.nl\/es\/wp-json\/wp\/v2\/pages\/3193\/revisions"}],"predecessor-version":[{"id":5117,"href":"https:\/\/lumore.nl\/es\/wp-json\/wp\/v2\/pages\/3193\/revisions\/5117"}],"wp:attachment":[{"href":"https:\/\/lumore.nl\/es\/wp-json\/wp\/v2\/media?parent=3193"}],"curies":[{"name":"wp","href":"https:\/\/api.w.org\/{rel}","templated":true}]}}