{"id":4676,"date":"2025-12-25T12:29:26","date_gmt":"2025-12-25T11:29:26","guid":{"rendered":"https:\/\/lumore.nl\/product\/meistgesuchter-ring\/"},"modified":"2025-12-25T12:29:26","modified_gmt":"2025-12-25T11:29:26","slug":"meistgesuchter-ring","status":"publish","type":"product","link":"https:\/\/lumore.nl\/de\/produkt\/meistgesuchter-ring\/","title":{"rendered":"Meistgesuchter Ring"},"content":{"rendered":"","protected":false},"excerpt":{"rendered":"<p>Edelstahl, passend f\u00fcr alle Gr\u00f6\u00dfen \u2728.<\/p>\n","protected":false},"featured_media":4672,"comment_status":"open","ping_status":"closed","template":"","meta":[],"product_brand":[],"product_cat":[117,122],"product_tag":[],"class_list":{"0":"post-4676","1":"product","2":"type-product","3":"status-publish","4":"has-post-thumbnail","6":"product_cat-frauen","7":"product_cat-ringe","9":"first","10":"instock","11":"taxable","12":"shipping-taxable","13":"purchasable","14":"product-type-simple"},"aioseo_notices":[],"jetpack_sharing_enabled":true,"_links":{"self":[{"href":"https:\/\/lumore.nl\/de\/wp-json\/wp\/v2\/product\/4676","targetHints":{"allow":["GET"]}}],"collection":[{"href":"https:\/\/lumore.nl\/de\/wp-json\/wp\/v2\/product"}],"about":[{"href":"https:\/\/lumore.nl\/de\/wp-json\/wp\/v2\/types\/product"}],"replies":[{"embeddable":true,"href":"https:\/\/lumore.nl\/de\/wp-json\/wp\/v2\/comments?post=4676"}],"wp:featuredmedia":[{"embeddable":true,"href":"https:\/\/lumore.nl\/de\/wp-json\/wp\/v2\/media\/4672"}],"wp:attachment":[{"href":"https:\/\/lumore.nl\/de\/wp-json\/wp\/v2\/media?parent=4676"}],"wp:term":[{"taxonomy":"product_brand","embeddable":true,"href":"https:\/\/lumore.nl\/de\/wp-json\/wp\/v2\/product_brand?post=4676"},{"taxonomy":"product_cat","embeddable":true,"href":"https:\/\/lumore.nl\/de\/wp-json\/wp\/v2\/product_cat?post=4676"},{"taxonomy":"product_tag","embeddable":true,"href":"https:\/\/lumore.nl\/de\/wp-json\/wp\/v2\/product_tag?post=4676"}],"curies":[{"name":"wp","href":"https:\/\/api.w.org\/{rel}","templated":true}]}}