{"id":2305,"date":"2025-12-08T17:07:17","date_gmt":"2025-12-08T15:07:17","guid":{"rendered":"https:\/\/lumore.nl\/product\/suesses-diamant-armband\/"},"modified":"2026-01-07T17:28:18","modified_gmt":"2026-01-07T16:28:18","slug":"suesses-diamant-armband","status":"publish","type":"product","link":"https:\/\/lumore.nl\/de\/produkt\/suesses-diamant-armband\/","title":{"rendered":"S\u00fc\u00dfes Diamant-Armband"},"content":{"rendered":"","protected":false},"excerpt":{"rendered":"<p>Edelstahl mit 18K Gold \u00fcberzogen\u2728<\/p>\n","protected":false},"featured_media":1359,"comment_status":"open","ping_status":"closed","template":"","meta":[],"product_brand":[],"product_cat":[119,117],"product_tag":[],"class_list":{"0":"post-2305","1":"product","2":"type-product","3":"status-publish","4":"has-post-thumbnail","6":"product_cat-armbander","7":"product_cat-frauen","9":"first","10":"instock","11":"taxable","12":"shipping-taxable","13":"purchasable","14":"product-type-simple"},"aioseo_notices":[],"jetpack_sharing_enabled":true,"_links":{"self":[{"href":"https:\/\/lumore.nl\/de\/wp-json\/wp\/v2\/product\/2305","targetHints":{"allow":["GET"]}}],"collection":[{"href":"https:\/\/lumore.nl\/de\/wp-json\/wp\/v2\/product"}],"about":[{"href":"https:\/\/lumore.nl\/de\/wp-json\/wp\/v2\/types\/product"}],"replies":[{"embeddable":true,"href":"https:\/\/lumore.nl\/de\/wp-json\/wp\/v2\/comments?post=2305"}],"wp:featuredmedia":[{"embeddable":true,"href":"https:\/\/lumore.nl\/de\/wp-json\/wp\/v2\/media\/1359"}],"wp:attachment":[{"href":"https:\/\/lumore.nl\/de\/wp-json\/wp\/v2\/media?parent=2305"}],"wp:term":[{"taxonomy":"product_brand","embeddable":true,"href":"https:\/\/lumore.nl\/de\/wp-json\/wp\/v2\/product_brand?post=2305"},{"taxonomy":"product_cat","embeddable":true,"href":"https:\/\/lumore.nl\/de\/wp-json\/wp\/v2\/product_cat?post=2305"},{"taxonomy":"product_tag","embeddable":true,"href":"https:\/\/lumore.nl\/de\/wp-json\/wp\/v2\/product_tag?post=2305"}],"curies":[{"name":"wp","href":"https:\/\/api.w.org\/{rel}","templated":true}]}}