{"id":2415,"date":"2025-03-08T23:46:14","date_gmt":"2025-03-08T22:46:14","guid":{"rendered":"https:\/\/lumore.nl\/datenschutzbestimmungen\/"},"modified":"2025-12-09T01:51:31","modified_gmt":"2025-12-09T00:51:31","slug":"datenschutzbestimmungen","status":"publish","type":"page","link":"https:\/\/lumore.nl\/de\/datenschutzbestimmungen\/","title":{"rendered":"Datenschutzbestimmungen"},"content":{"rendered":"\n<p><a href=\"https:\/\/Lumore.nl\">https:\/\/Lumore.nl<\/a><\/p>\n\n<h2 class=\"wp-block-heading\"><strong>\u00dcber unsere Datenschutzrichtlinie<\/strong><\/h2>\n\n<p>Lumore legt gro\u00dfen Wert auf Ihre Privatsph\u00e4re. Daher verarbeiten wir nur Daten, die wir f\u00fcr (die <\/p>\n\n<p>verbessern) unsere Dienstleistungen und behandeln die Informationen, die wir \u00fcber Sie und Ihre Nutzung von<\/p>\n\n<p>die unsere Dienste gesammelt haben. Wir stellen Ihre Daten niemals f\u00fcr kommerzielle Zwecke zur Verf\u00fcgung an <\/p>\n\n<p>dritte Parteien.<\/p>\n\n<p>Diese Datenschutzrichtlinie gilt f\u00fcr die Nutzung der Website und der darauf abrufbaren Dienste durch<\/p>\n\n<p>Lumore. Das Datum des Inkrafttretens dieser Bedingungen ist der 15\/04\/2025, mit der Ver\u00f6ffentlichung eines <\/p>\n\n<p>Mit der neuen Version erlischt die G\u00fcltigkeit aller vorherigen Versionen. Diese Datenschutzrichtlinie beschreibt, welche Daten \u00fcber Sie <\/p>\n\n<p>von uns erhoben werden, wof\u00fcr diese Daten verwendet werden und mit wem und unter welchen Bedingungen<\/p>\n\n<p>diese Daten m\u00f6glicherweise an Dritte weitergegeben werden k\u00f6nnen. Wir werden Ihnen auch erkl\u00e4ren, wie wir Ihre <\/p>\n\n<p>Daten und wie wir Ihre Daten vor Missbrauch sch\u00fctzen und welche Rechte Sie in Bezug auf diese Daten haben<\/p>\n\n<p>die pers\u00f6nlichen Daten, die Sie uns zur Verf\u00fcgung stellen.<\/p>\n\n<p>Wenn Sie Fragen zu unseren Datenschutzrichtlinien haben, wenden Sie sich bitte an unseren Ansprechpartner f\u00fcr Datenschutz, u<\/p>\n\n<p>Die Kontaktdaten finden Sie am Ende unserer Datenschutzrichtlinie.<\/p>\n\n<h2 class=\"wp-block-heading\">\u00dcber Datenverarbeitung<\/h2>\n\n<p>Im Folgenden k\u00f6nnen Sie nachlesen, wie wir Ihre Daten verarbeiten, wo wir sie speichern (oder speichern lassen), welche<\/p>\n\n<p>Sicherheitstechniken, die wir verwenden und f\u00fcr wen die Daten einsehbar sind.<\/p>\n\n<p><strong>Webshop-Software<\/strong><\/p>\n\n<p><strong>WooCommerce<\/strong><\/p>\n\n<p>Unser Online-Shop wurde mit der Software WooCommerce entwickelt. Pers\u00f6nliche Daten, die Sie im Namen unseres <\/p>\n\n<p>Dienstleistungen, die uns zur Verf\u00fcgung gestellt werden, werden mit dieser Partei geteilt. WooCommerce hat Zugriff auf Ihre <\/p>\n\n<p>Daten, um uns (technische) Unterst\u00fctzung zu geben, sie werden Ihre Daten niemals f\u00fcr andere Zwecke verwenden.<\/p>\n\n<p>Zweck. WooCommerce ist im Rahmen der Vereinbarung, die wir mit ihnen haben, verpflichtet, angemessene <\/p>\n\n<p>Sicherheitsma\u00dfnahmen ergreifen. Diese Sicherheitsma\u00dfnahmen bestehen aus der Anwendung von SSL-Verschl\u00fcsselung und <\/p>\n\n<p>eine strenge Passwortpolitik. WooCommerce verwendet Cookies, um technische Informationen zu sammeln <\/p>\n\n<p>im Zusammenhang mit Ihrer Nutzung der Software werden keine pers\u00f6nlichen Daten erhoben und\/oder gespeichert.<\/p>\n\n<p>WooCommerce beh\u00e4lt sich das Recht vor, gesammelte Daten innerhalb der eigenen Gruppe zu teilen, um die<\/p>\n\n<p>Dienstleistungen weiter zu verbessern.<\/p>\n\n<p><strong>WooCommerce-Hosting<\/strong><\/p>\n\n<p>Unser Online-Shop wurde mit der Software WooCommerce entwickelt, die wir f\u00fcr unser Webhosting gew\u00e4hlt haben<\/p>\n\n<p>AndersStrato. Pers\u00f6nliche Daten, die Sie uns f\u00fcr die Zwecke unserer Dienstleistungen zur Verf\u00fcgung stellen, werden <\/p>\n\n<p>mit dieser Partei geteilt. AndersStrato hat Zugriff auf Ihre Daten, um uns (technische) Unterst\u00fctzung zu leisten <\/p>\n\n<p>anbieten, werden sie Ihre Daten niemals f\u00fcr andere Zwecke verwenden. Auf der Grundlage dieser Vereinbarung ist AndersStrato <\/p>\n\n<p>die wir mit ihnen eingegangen sind, verpflichtet uns, angemessene Sicherheitsma\u00dfnahmen zu ergreifen. Diese <\/p>\n\n<p>Zu den Sicherheitsma\u00dfnahmen geh\u00f6ren die Verwendung von SSL-Verschl\u00fcsselung und eine strenge Passwortpolitik. Es gibt <\/p>\n\n<p>regelm\u00e4\u00dfige Backups, um Datenverluste zu vermeiden.<\/p>\n\n<h2 class=\"wp-block-heading\">Webhosting  <\/h2>\n\n<p><strong>Strato<\/strong><\/p>\n\n<p>Wir nehmen Webhosting- und E-Mail-Dienste von Stratp in Anspruch. Strato verarbeitet personenbezogene Daten in unserem Auftrag und <\/p>\n\n<p>verwendet Ihre Daten nicht f\u00fcr seine eigenen Zwecke. Diese Partei kann jedoch Metadaten \u00fcber die Nutzung Ihrer Daten sammeln. <\/p>\n\n<p>der Dienste. Dabei handelt es sich nicht um personenbezogene Daten. Strato verf\u00fcgt \u00fcber angemessene technische und organisatorische  <\/p>\n\n<p>Ma\u00dfnahmen, die getroffen werden, um den Verlust und die unbefugte Nutzung Ihrer pers\u00f6nlichen Daten zu verhindern. Strato ist auf <\/p>\n\n<p>im Rahmen der Vereinbarung zur Vertraulichkeit verpflichtet.<\/p>\n\n<h2 class=\"wp-block-heading\">E-Mail und Mailinglisten<\/h2>\n\n<p><strong>Strato<\/strong><\/p>\n\n<p>Wir nutzen die Dienste von Strato f\u00fcr unseren regelm\u00e4\u00dfigen gesch\u00e4ftlichen E-Mail-Verkehr. Diese Partei hat <\/p>\n\n<p>angemessene technische und organisatorische Ma\u00dfnahmen ergriffen haben, um den Missbrauch, den Verlust und die Korruption Ihrer und unserer<\/p>\n\n<p>Daten so weit wie m\u00f6glich zu sch\u00fctzen. Strato hat keinen Zugriff auf unsere Mailbox und wir verwalten alle unsere elektronischen Daten. <\/p>\n\n<p>Mailverkehr vertraulich.<\/p>\n\n<h2 class=\"wp-block-heading\">Zahlungsabwickler<\/h2>\n\n<p><strong>Streifen<\/strong><\/p>\n\n<p>Wir verwenden die Plattform von<\/p>\n\n<p>Stripe. Stripe verarbeitet Ihren Namen, Ihre Adresse und Ihre Wohnsitzdaten sowie Ihre Zahlungsdaten wie z.B. Ihre <\/p>\n\n<p>Bankkonto oder Kreditkartennummer. Stripe hat geeignete technische und organisatorische Ma\u00dfnahmen getroffen <\/p>\n\n<p>die zum Schutz Ihrer pers\u00f6nlichen Daten getroffen werden. Stripe beh\u00e4lt sich das Recht vor, Ihre Daten weiterzugeben an <\/p>\n\n<p>nutzen, um den Service weiter zu verbessern und in diesem Rahmen (anonymisierte) Daten mit<\/p>\n\n<p>die Weitergabe an Dritte. Stripe-Aktien im Falle eines Antrags auf einen Zahlungsaufschub (Kreditfazilit\u00e4t) <\/p>\n\n<p>pers\u00f6nliche Daten und Informationen \u00fcber Ihre finanzielle Situation bei Kreditauskunfteien. All die oben genannten <\/p>\n\n<p>Die genannten Garantien zum Schutz Ihrer pers\u00f6nlichen Daten sind auch von<\/p>\n\n<p>gelten f\u00fcr die Teile der Dienstleistungen von Stripe, f\u00fcr die Dritte beauftragt werden. Stripe <\/p>\n\n<p>wird Ihre Daten nicht l\u00e4nger aufbewahren, als es die gesetzlichen Fristen erlauben.<\/p>\n\n<h2 class=\"wp-block-heading\">Versand und Logistik<\/h2>\n\n<p><strong>DHL<\/strong><\/p>\n\n<p>Wenn Sie eine Bestellung bei uns aufgeben, ist es unsere Aufgabe, Ihr Paket zu Ihnen zu bringen. Wir verwenden <\/p>\n\n<p>die Dienste von DHL zur Durchf\u00fchrung von Lieferungen. Dazu ben\u00f6tigen wir Ihren Namen, Ihre Adresse <\/p>\n\n<p>und Wohnsitzdaten bei DHL. DHL verwendet diese Daten nur zum Zweck der Durchf\u00fchrung der <\/p>\n\n<p>Vereinbarung. Falls DHL Subunternehmer einsetzt, wird DHL Ihre Daten auch diesen Parteien zur Verf\u00fcgung stellen <\/p>\n\n<p>Disposition.<\/p>\n\n<h2 class=\"wp-block-heading\">Externe Vertriebskan\u00e4le<\/h2>\n\n<p><strong>Gef\u00e4rbt<\/strong><\/p>\n\n<p>Wir verkaufen (einige) unserer Artikel \u00fcber die Plattform von Vinted. Wenn Sie einen Artikel kaufen <\/p>\n\n<p>Bestellung aufgeben, dann teilt Vinted Ihre Bestellung und Ihre pers\u00f6nlichen Daten mit uns. Wir verwenden diese Daten <\/p>\n\n<p>um Ihre Bestellung zu bearbeiten. Wir behandeln Ihre Daten vertraulich und verf\u00fcgen \u00fcber angemessene technische und <\/p>\n\n<p>organisatorische Ma\u00dfnahmen getroffen haben, um Ihre Daten vor Verlust und unbefugter Nutzung zu sch\u00fctzen.<\/p>\n\n<h2 class=\"wp-block-heading\">Zweck der Datenverarbeitung<\/h2>\n\n<p><strong>Allgemeiner Zweck der Verarbeitung<\/strong><\/p>\n\n<p>Wir verwenden Ihre Daten ausschlie\u00dflich f\u00fcr den Zweck unserer Dienstleistungen. Das hei\u00dft, der Zweck der <\/p>\n\n<p>Die Verarbeitung steht immer in direktem Zusammenhang mit dem von Ihnen erteilten Auftrag. Wir werden Ihre Daten nicht verwenden f\u00fcr <\/p>\n\n<p>(gezieltes) Marketing. Wenn Sie uns Daten zur Verf\u00fcgung stellen und wir diese Daten verwenden, um &#8211; anders als f\u00fcr Ihre <\/p>\n\n<p>Wenn Sie uns bitten, Sie zu einem sp\u00e4teren Zeitpunkt zu kontaktieren, werden wir Sie um Ihre ausdr\u00fcckliche Erlaubnis bitten, dies zu tun. Ihr <\/p>\n\n<p>Daten werden nicht an Dritte weitergegeben, es sei denn, um die Buchhaltung und andere administrative Aufgaben zu erf\u00fcllen.<\/p>\n\n<p>Verpflichtungen. Diese Dritten sind alle im Rahmen der Vereinbarung zur Vertraulichkeit verpflichtet <\/p>\n\n<p>zwischen ihnen und uns oder ein Eid oder eine gesetzliche Verpflichtung.<\/p>\n\n<p><strong>Automatisch erfasste Daten<\/strong><\/p>\n\n<p>Die von unserer Website automatisch erhobenen Daten werden zum Zweck der Bearbeitung unserer<\/p>\n\n<p>um die Dienste weiter zu verbessern. Diese Daten (z.B. Ihre IP-Adresse, Webbrowser und <\/p>\n\n<p>Betriebssystem) sind keine pers\u00f6nlichen Daten.<\/p>\n\n<p><strong>Zusammenarbeit bei Steuer- und Strafermittlungen<\/strong><\/p>\n\n<p>Gegebenenfalls kann Lumore gesetzlich verpflichtet sein, Folgendes mitzuteilen<\/p>\n\n<p>Ihrer Daten im Zusammenhang mit staatlichen Steuer- oder Strafermittlungen. In einem solchen Fall <\/p>\n\n<p>wir gezwungen sind, Ihre Daten weiterzugeben, aber wir werden im Rahmen der uns gesetzlich einger\u00e4umten M\u00f6glichkeiten<\/p>\n\n<p>dagegen an.<\/p>\n\n<p><strong>Aufbewahrungsfristen<\/strong><\/p>\n\n<p>Wir bewahren Ihre Daten so lange auf, wie Sie unser Kunde sind. Das bedeutet, dass wir Ihr Kundenprofil aufbewahren, bis Sie <\/p>\n\n<p>angeben, dass Sie unsere Dienste nicht mehr nutzen m\u00f6chten. Wenn Sie uns dies mitteilen, werden wir <\/p>\n\n<p>auch als Antrag auf Vergessen ausgelegt werden. Das bedeutet auch, dass wir Ihre Daten nicht l\u00e4nger als zwei Jahre aufbewahren werden. <\/p>\n\n<p>ab dem letzten Moment des Kontakts oder der Transaktion, es sei denn, es gibt eine rechtliche Rechtfertigung daf\u00fcr.<\/p>\n\n<p>Grundlage. Gem\u00e4\u00df den geltenden administrativen Verpflichtungen m\u00fcssen wir Rechnungen ausstellen, die Ihre <\/p>\n\n<p>(pers\u00f6nlichen) Daten, werden wir diese Daten daher so lange aufbewahren, wie die entsprechende Frist l\u00e4uft.<\/p>\n\n<p>Unsere Mitarbeiter haben jedoch keinen Zugriff mehr auf Ihr Kundenprofil und die Dokumente, die wir als Antwort auf Ihre Anfrage erhalten.<\/p>\n\n<p>Ihre Bestellung hergestellt haben.<\/p>\n\n<h2 class=\"wp-block-heading\"><strong>Ihre Rechte<\/strong><\/h2>\n\n<p>Nach geltendem niederl\u00e4ndischem und europ\u00e4ischem Recht haben Sie als betroffene Person bestimmte Rechte gegen\u00fcber<\/p>\n\n<p>bez\u00fcglich personenbezogener Daten, die von uns oder in unserem Namen verarbeitet werden. Wir erkl\u00e4ren im Folgenden, welche <\/p>\n\n<p>Rechte dies sind und wie Sie sie geltend machen k\u00f6nnen. Um Missbrauch zu verhindern, senden wir im Prinzip <\/p>\n\n<p>Erkl\u00e4rungen und Kopien Ihrer Daten nur an Ihre uns bereits bekannte E-Mail-Adresse. F\u00fcr den Fall, dass Sie die <\/p>\n\n<p>Daten an eine andere E-Mail-Adresse oder z.B. per Post senden, werden wir Sie bitten, sich f\u00fcr<\/p>\n\n<p>identifizieren. Wir bewahren Aufzeichnungen \u00fcber abgeschlossene Anfragen auf, im Falle einer vergessenen Anfrage <\/p>\n\n<p>wir verwalten anonymisierte Daten. Alle Abschriften und Kopien von Daten erhalten Sie in der <\/p>\n\n<p>maschinenlesbares Datenformat, das wir in unseren Systemen verwenden. Sie haben jederzeit das Recht, eine <\/p>\n\n<p>eine Beschwerde bei der Datenschutzbeh\u00f6rde einzureichen, wenn Sie den Verdacht haben, dass wir Ihre pers\u00f6nlichen Daten in einer Weise verwendet haben, die<\/p>\n\n<p>falsch zu verwenden.<\/p>\n\n<p><strong>Recht auf Einsichtnahme<\/strong><\/p>\n\n<p>Sie haben jederzeit das Recht, die von uns verarbeiteten (oder verarbeiteten) Daten, die sich auf Ihre Person oder<\/p>\n\n<p>auf sie zur\u00fcckf\u00fchrbar sind, zu \u00fcberpr\u00fcfen. Sie k\u00f6nnen einen entsprechenden Antrag an unsere Kontaktperson stellen f\u00fcr <\/p>\n\n<p>Fragen zum Datenschutz. Sie erhalten dann innerhalb von 30 Tagen eine Antwort auf Ihren Antrag. Wenn Ihrem Antrag stattgegeben wird  <\/p>\n\n<p>wir senden Ihnen eine Kopie aller Daten mit einer Liste der Verarbeiter an die uns bekannte E-Mail-Adresse<\/p>\n\n<p>die \u00fcber diese Daten verf\u00fcgen, unter Angabe der Kategorie, unter der wir sie gespeichert haben.<\/p>\n\n<p><strong>Recht auf Berichtigung<\/strong><\/p>\n\n<p>Sie haben jederzeit das Recht, die von uns verarbeiteten (oder verarbeiteten) Daten, die sich auf Ihre Person oder<\/p>\n\n<p>auf sie zur\u00fcckzuf\u00fchren sind, \u00e4ndern zu lassen. Sie k\u00f6nnen einen entsprechenden Antrag an unsere Kontaktperson stellen <\/p>\n\n<p>f\u00fcr Datenschutzfragen. Sie erhalten dann innerhalb von 30 Tagen eine Antwort auf Ihren Antrag. Wenn Ihrem Antrag stattgegeben wird  <\/p>\n\n<p>senden wir Ihnen eine Best\u00e4tigung an die uns bekannte E-Mail-Adresse, dass die Daten aktualisiert wurden.<\/p>\n\n<p><strong>Recht auf Einschr\u00e4nkung der Verarbeitung<\/strong><\/p>\n\n<p>Sie haben jederzeit das Recht, die von uns verarbeiteten (oder verarbeiteten) Daten, die sich auf Ihre Person oder auf diesen Zweck beziehen, zu verlangen<\/p>\n\n<p>r\u00fcckverfolgbar sind, zu begrenzen. Sie k\u00f6nnen eine diesbez\u00fcgliche Anfrage an unseren Ansprechpartner f\u00fcr <\/p>\n\n<p>Fragen zum Datenschutz. Sie erhalten dann innerhalb von 30 Tagen eine Antwort auf Ihren Antrag. Wenn Ihrem Antrag stattgegeben wird  <\/p>\n\n<p>senden wir Ihnen eine Best\u00e4tigung an die uns bekannte E-Mail-Adresse, dass die Daten bis zur Aufhebung der Einschr\u00e4nkung durch Sie nicht<\/p>\n\n<p>nicht mehr bearbeitet werden.<\/p>\n\n<p><strong>Recht auf \u00dcbertragbarkeit<\/strong><\/p>\n\n<p>Sie haben jederzeit das Recht, die von uns verarbeiteten (oder verarbeiteten) Daten, die sich auf Ihre Person oder<\/p>\n\n<p>von einer anderen Partei auf sie zur\u00fcckgef\u00fchrt werden k\u00f6nnen. Sie k\u00f6nnen einen entsprechenden Antrag stellen an <\/p>\n\n<p>unseren Ansprechpartner f\u00fcr Datenschutz. Sie werden dann innerhalb von 30 Tagen eine Antwort auf Ihre Anfrage erhalten. Wenn Ihr  <\/p>\n\n<p>Antrag stattgegeben wird, werden wir Ihnen Kopien oder Abschriften aller Daten an die uns bekannte E-Mail-Adresse senden<\/p>\n\n<p>\u00fcber Sie, die wir verarbeitet haben oder in unserem Auftrag von anderen Verarbeitern oder Dritten verarbeiten lassen. An alle <\/p>\n\n<p>Wahrscheinlichkeit, dass wir in einem solchen Fall nicht mehr in der Lage sind, die Dienste fortzusetzen, weil die sichere<\/p>\n\n<p>Die Verkn\u00fcpfung von Datendateien kann dann nicht mehr garantiert werden.<\/p>\n\n<p><strong>Widerspruchsrecht und andere Rechte<\/strong><\/p>\n\n<p>Sie haben gegebenenfalls das Recht, der Verarbeitung Ihrer personenbezogenen Daten zu widersprechen<\/p>\n\n<p>durch oder im Namen von Lumore. Wenn Sie widersprechen, werden wir die Datenverarbeitung unverz\u00fcglich einstellen <\/p>\n\n<p>bis zur Entscheidung \u00fcber Ihren Einspruch. Wenn Ihr Einspruch begr\u00fcndet ist, werden wir Ihnen Kopien und\/oder <\/p>\n\n<p>der Daten, die wir verarbeiten (oder verarbeitet haben) an Sie weitergeben und die Verarbeitung dann endg\u00fcltig einstellen. U <\/p>\n\n<p>hat dar\u00fcber hinaus das Recht, nicht einer automatisierten individuellen Entscheidungsfindung oder einem Profiling unterworfen zu werden<\/p>\n\n<p>Thema. Wir verarbeiten Ihre Daten nicht in einer Weise, auf die dieses Gesetz Anwendung findet. Sind Sie von  <\/p>\n\n<p>Wenn Sie der Meinung sind, dass dies der Fall ist, wenden Sie sich bitte an unseren Datenschutzbeauftragten.<\/p>\n\n<h2 class=\"wp-block-heading\">Cookies<\/h2>\n\n<p><strong>Google Analytics<\/strong><\/p>\n\n<p>Auf unserer Website werden im Rahmen des Dienstes \"Analytics\" Cookies von dem US-Unternehmen Google gesetzt.<\/p>\n\n<p>Wir verwenden diesen Dienst, um zu verfolgen und Berichte dar\u00fcber zu erhalten, wie Besucher die Website nutzen.<\/p>\n\n<p>Der Auftragsverarbeiter kann nach den geltenden Gesetzen und Vorschriften verpflichtet sein, diese Daten offenzulegen.<\/p>\n\n<p>Daten. Wir sammeln Informationen \u00fcber Ihr Surfverhalten und teilen diese Daten mit Google. Google kann diese Daten verwenden  <\/p>\n\n<p>Interpretieren Sie Informationen in Verbindung mit anderen Datens\u00e4tzen, und auf diese Weise Ihre Bewegungen im Internet<\/p>\n\n<p>Nachverfolgung. Google verwendet diese Informationen, um zielgerichtete Werbung (Adwords) anzubieten und <\/p>\n\n<p>andere Google-Dienste und -Produkte.<\/p>\n\n<p><strong>Cookies von Dritten<\/strong><\/p>\n\n<p>F\u00fcr den Fall, dass Softwarel\u00f6sungen von Drittanbietern Cookies verwenden, wird dies in diesen<\/p>\n\n<p>Erkl\u00e4rung zum Datenschutz.<\/p>\n\n<h2 class=\"wp-block-heading\">\u00c4nderungen der Datenschutzbestimmungen<\/h2>\n\n<p>Wir behalten uns das Recht vor, unsere Datenschutzrichtlinien jederzeit zu \u00e4ndern. Auf dieser Seite finden Sie jedoch immer die aktuellsten <\/p>\n\n<p>aktuelle Version. Wenn sich die neue Datenschutzrichtlinie auf die Art und Weise auswirkt, wie wir bereits sammeln <\/p>\n\n<p>Prozess in Bezug auf Sie, werden wir Sie per E-Mail benachrichtigen.<\/p>\n\n<h2 class=\"wp-block-heading\">Kontaktangaben<\/h2>\n\n<p><strong>Lumore<\/strong><\/p>\n\n<p>Verbreepark 5L1 5L1 Benthuizen Die Niederlande T (085) 301-6460 E info@Lumore.nl<\/p>\n\n<p><strong>Kontakt f\u00fcr Datenschutzfragen:<\/strong><\/p>\n\n<p>info@Lumore.nl<\/p>\n\n<p><\/p>\n","protected":false},"excerpt":{"rendered":"<p>https:\/\/Lumore.nl \u00dcber unsere Datenschutzrichtlinie Lumore legt gro\u00dfen Wert auf Ihre Privatsph\u00e4re. Daher verarbeiten wir nur Daten, die wir f\u00fcr (die verbessern) unsere Dienstleistungen und behandeln die Informationen, die wir \u00fcber Sie und Ihre Nutzung von die unsere Dienste gesammelt haben. Wir stellen Ihre Daten niemals f\u00fcr kommerzielle Zwecke zur Verf\u00fcgung an dritte Parteien. Diese Datenschutzrichtlinie [&hellip;]<\/p>\n","protected":false},"author":1,"featured_media":0,"parent":0,"menu_order":0,"comment_status":"closed","ping_status":"closed","template":"","meta":{"footnotes":""},"class_list":["post-2415","page","type-page","status-publish","hentry"],"blocksy_meta":[],"aioseo_notices":[],"jetpack_sharing_enabled":true,"_links":{"self":[{"href":"https:\/\/lumore.nl\/de\/wp-json\/wp\/v2\/pages\/2415","targetHints":{"allow":["GET"]}}],"collection":[{"href":"https:\/\/lumore.nl\/de\/wp-json\/wp\/v2\/pages"}],"about":[{"href":"https:\/\/lumore.nl\/de\/wp-json\/wp\/v2\/types\/page"}],"author":[{"embeddable":true,"href":"https:\/\/lumore.nl\/de\/wp-json\/wp\/v2\/users\/1"}],"replies":[{"embeddable":true,"href":"https:\/\/lumore.nl\/de\/wp-json\/wp\/v2\/comments?post=2415"}],"version-history":[{"count":1,"href":"https:\/\/lumore.nl\/de\/wp-json\/wp\/v2\/pages\/2415\/revisions"}],"predecessor-version":[{"id":2416,"href":"https:\/\/lumore.nl\/de\/wp-json\/wp\/v2\/pages\/2415\/revisions\/2416"}],"wp:attachment":[{"href":"https:\/\/lumore.nl\/de\/wp-json\/wp\/v2\/media?parent=2415"}],"curies":[{"name":"wp","href":"https:\/\/api.w.org\/{rel}","templated":true}]}}